{"id":7051,"date":"2026-02-02T13:02:02","date_gmt":"2026-02-02T12:02:02","guid":{"rendered":"https:\/\/www.maiermanagement.eu\/?post_type=product&#038;p=7051"},"modified":"2026-02-02T13:10:48","modified_gmt":"2026-02-02T12:10:48","slug":"ygz-150-s-150x87x85-135","status":"publish","type":"product","link":"https:\/\/www.maiermanagement.eu\/en\/shop\/ygz-150-s-150x87x85-135\/","title":{"rendered":"YGZ-150-S 150x87x85\/135"},"content":{"rendered":"<p>Hochleistungskompressor und Kondensator der EU-Marke<\/p>\n<p>Top-Cooling-System<\/p>\n<p>Sicherheitsglas<\/p>\n<p>\u2022 Geh\u00e4useinnenraum: Edelstahl<br \/>\n\u2022 GN 1\/1 Fassungsverm\u00f6gen<br \/>\n\u2022 Dichte: 40 kg\/m\u00b3<br \/>\n\u2022 Polyurethan-Isolierung<br \/>\n\u2022 Digitales Bedienfeld<br \/>\n\u2022 Elektronische Abtauautomatik mit Anzeige<br \/>\n\u2022 H\u00f6henverstellbare Edelstahlf\u00fc\u00dfe<br \/>\n\u2022 Spezielle T\u00fcr- und Scharniersysteme<br \/>\n\u2022 Abnehmbare und leicht zu reinigende Magnetdichtung<br \/>\n\u2022 K\u00e4ltemittel: R 290<br \/>\n\u2022 Optionale K\u00e4ltemittel: R 134a \/ R 404a<br \/>\n\u2022 Unterseite: K\u00fchlfach<br \/>\n\u2022 Umluftk\u00fchlung<br \/>\n\u2022 Optionale Frontblende<br \/>\n\u2022 LED-Beleuchtung<\/p>","protected":false},"excerpt":{"rendered":"<p>Hochleistungskompressor und Kondensator der EU-Marke Top-Cooling-System Sicherheitsglas \u2022 Geh\u00e4useinnenraum: Edelstahl \u2022 GN 1\/1 Fassungsverm\u00f6gen \u2022 Dichte: 40 kg\/m\u00b3 \u2022 Polyurethan-Isolierung \u2022 Digitales Bedienfeld \u2022 Elektronische Abtauautomatik mit Anzeige \u2022 H\u00f6henverstellbare Edelstahlf\u00fc\u00dfe \u2022 Spezielle T\u00fcr- und Scharniersysteme \u2022 Abnehmbare und leicht zu reinigende Magnetdichtung \u2022 K\u00e4ltemittel: R 290 \u2022 Optionale K\u00e4ltemittel: R 134a \/ R 404a [&hellip;]<\/p>","protected":false},"featured_media":7003,"comment_status":"open","ping_status":"closed","template":"","meta":{"_acf_changed":false},"pwb-brand":[],"product_brand":[],"product_cat":[403],"product_tag":[],"class_list":{"0":"post-7051","1":"product","2":"type-product","3":"status-publish","4":"has-post-thumbnail","6":"product_cat-saladetten-prasentationsvitrinen","8":"first","9":"instock","10":"sale","11":"taxable","12":"shipping-taxable","13":"purchasable","14":"product-type-simple"},"acf":[],"aioseo_notices":[],"brands":[],"_links":{"self":[{"href":"https:\/\/www.maiermanagement.eu\/en\/wp-json\/wp\/v2\/product\/7051","targetHints":{"allow":["GET"]}}],"collection":[{"href":"https:\/\/www.maiermanagement.eu\/en\/wp-json\/wp\/v2\/product"}],"about":[{"href":"https:\/\/www.maiermanagement.eu\/en\/wp-json\/wp\/v2\/types\/product"}],"replies":[{"embeddable":true,"href":"https:\/\/www.maiermanagement.eu\/en\/wp-json\/wp\/v2\/comments?post=7051"}],"wp:featuredmedia":[{"embeddable":true,"href":"https:\/\/www.maiermanagement.eu\/en\/wp-json\/wp\/v2\/media\/7003"}],"wp:attachment":[{"href":"https:\/\/www.maiermanagement.eu\/en\/wp-json\/wp\/v2\/media?parent=7051"}],"wp:term":[{"taxonomy":"pwb-brand","embeddable":true,"href":"https:\/\/www.maiermanagement.eu\/en\/wp-json\/wp\/v2\/pwb-brand?post=7051"},{"taxonomy":"product_brand","embeddable":true,"href":"https:\/\/www.maiermanagement.eu\/en\/wp-json\/wp\/v2\/product_brand?post=7051"},{"taxonomy":"product_cat","embeddable":true,"href":"https:\/\/www.maiermanagement.eu\/en\/wp-json\/wp\/v2\/product_cat?post=7051"},{"taxonomy":"product_tag","embeddable":true,"href":"https:\/\/www.maiermanagement.eu\/en\/wp-json\/wp\/v2\/product_tag?post=7051"}],"curies":[{"name":"wp","href":"https:\/\/api.w.org\/{rel}","templated":true}]}}