{"id":6000,"date":"2025-10-10T11:42:34","date_gmt":"2025-10-10T08:42:34","guid":{"rendered":"https:\/\/maiermanagement.eu\/?post_type=product&#038;p=6000"},"modified":"2026-02-02T12:40:44","modified_gmt":"2026-02-02T11:40:44","slug":"ygz-150-od","status":"publish","type":"product","link":"https:\/\/www.maiermanagement.eu\/en\/shop\/ygz-150-od\/","title":{"rendered":"YGZ-150-PD"},"content":{"rendered":"<p>Gro\u00dfe Ausstellungsfl\u00e4che mit gek\u00fchlten und beleuchteten Ablagen<\/p>\n<p>\u2022 Ideal f\u00fcr jeden Standort<br \/>\n\u2022 Geringer Energieverbrauch und geringe Umweltbelastung<br \/>\n\u2022 Umluftk\u00fchlung mit konstanter und optimierter Luftverteilung<br \/>\n\u2022 Doppelverglasung<br \/>\n\u2022 Innengeh\u00e4use aus Edelstahl<br \/>\n\u2022 Umluftk\u00fchlung<br \/>\n\u2022 Dichte: 40 kg\/m\u00b3<br \/>\n\u2022 Digitales Bedienfeld<br \/>\n\u2022 Automatische Abtauung mit elektrischem Widerstand<br \/>\n\u2022 Verstellbare Edelstahlablagen<br \/>\n\u2022 K\u00e4ltemittel: R290<br \/>\n\u2022 Optionale K\u00e4ltemittel: R134a \/ R404a<br \/>\n\u2022 Spezielles beheizbares Antibeschlagglas<br \/>\n\u2022 Optionale Frontscheibe<br \/>\n\u2022 LED-Beleuchtung<\/p>","protected":false},"excerpt":{"rendered":"<p>Gro\u00dfe Ausstellungsfl\u00e4che mit gek\u00fchlten und beleuchteten Ablagen \u2022 Ideal f\u00fcr jeden Standort \u2022 Geringer Energieverbrauch und geringe Umweltbelastung \u2022 Umluftk\u00fchlung mit konstanter und optimierter Luftverteilung \u2022 Doppelverglasung \u2022 Innengeh\u00e4use aus Edelstahl \u2022 Umluftk\u00fchlung \u2022 Dichte: 40 kg\/m\u00b3 \u2022 Digitales Bedienfeld \u2022 Automatische Abtauung mit elektrischem Widerstand \u2022 Verstellbare Edelstahlablagen \u2022 K\u00e4ltemittel: R290 \u2022 Optionale K\u00e4ltemittel: [&hellip;]<\/p>","protected":false},"featured_media":6008,"comment_status":"open","ping_status":"closed","template":"","meta":{"_acf_changed":false},"pwb-brand":[],"product_brand":[385],"product_cat":[404],"product_tag":[],"class_list":{"0":"post-6000","1":"product","2":"type-product","3":"status-publish","4":"has-post-thumbnail","6":"product_brand-alpendy","7":"product_cat-warm","9":"first","10":"instock","11":"sale","12":"taxable","13":"shipping-taxable","14":"purchasable","15":"product-type-simple"},"acf":[],"aioseo_notices":[],"brands":[],"_links":{"self":[{"href":"https:\/\/www.maiermanagement.eu\/en\/wp-json\/wp\/v2\/product\/6000","targetHints":{"allow":["GET"]}}],"collection":[{"href":"https:\/\/www.maiermanagement.eu\/en\/wp-json\/wp\/v2\/product"}],"about":[{"href":"https:\/\/www.maiermanagement.eu\/en\/wp-json\/wp\/v2\/types\/product"}],"replies":[{"embeddable":true,"href":"https:\/\/www.maiermanagement.eu\/en\/wp-json\/wp\/v2\/comments?post=6000"}],"wp:featuredmedia":[{"embeddable":true,"href":"https:\/\/www.maiermanagement.eu\/en\/wp-json\/wp\/v2\/media\/6008"}],"wp:attachment":[{"href":"https:\/\/www.maiermanagement.eu\/en\/wp-json\/wp\/v2\/media?parent=6000"}],"wp:term":[{"taxonomy":"pwb-brand","embeddable":true,"href":"https:\/\/www.maiermanagement.eu\/en\/wp-json\/wp\/v2\/pwb-brand?post=6000"},{"taxonomy":"product_brand","embeddable":true,"href":"https:\/\/www.maiermanagement.eu\/en\/wp-json\/wp\/v2\/product_brand?post=6000"},{"taxonomy":"product_cat","embeddable":true,"href":"https:\/\/www.maiermanagement.eu\/en\/wp-json\/wp\/v2\/product_cat?post=6000"},{"taxonomy":"product_tag","embeddable":true,"href":"https:\/\/www.maiermanagement.eu\/en\/wp-json\/wp\/v2\/product_tag?post=6000"}],"curies":[{"name":"wp","href":"https:\/\/api.w.org\/{rel}","templated":true}]}}