{"id":5954,"date":"2025-09-12T11:06:03","date_gmt":"2025-09-12T08:06:03","guid":{"rendered":"https:\/\/maiermanagement.eu\/?post_type=product&#038;p=5954"},"modified":"2026-02-02T13:07:46","modified_gmt":"2026-02-02T12:07:46","slug":"ygz-110-edk","status":"publish","type":"product","link":"https:\/\/www.maiermanagement.eu\/en\/shop\/ygz-110-edk\/","title":{"rendered":"YGZ-110-EDK 110x75x135"},"content":{"rendered":"<ul>\n<li data-start=\"33\" data-end=\"52\">\n<p data-start=\"35\" data-end=\"52\">Geh\u00e4rtetes Glas<\/p>\n<\/li>\n<li data-start=\"53\" data-end=\"83\">\n<p data-start=\"55\" data-end=\"83\">Innengeh\u00e4use aus Edelstahl<\/p>\n<\/li>\n<li data-start=\"84\" data-end=\"105\">\n<p data-start=\"86\" data-end=\"105\">Statische K\u00fchlung<\/p>\n<\/li>\n<li data-start=\"106\" data-end=\"154\">\n<p data-start=\"108\" data-end=\"154\">35\/40 m\u00b3 Dichte, umweltfreundlich, HCFC-frei<\/p>\n<\/li>\n<li data-start=\"155\" data-end=\"179\">\n<p data-start=\"157\" data-end=\"179\">Digitales Bedienfeld<\/p>\n<\/li>\n<li data-start=\"180\" data-end=\"234\">\n<p data-start=\"182\" data-end=\"234\">Elektrischer Widerstand mit automatischer Abtauung<\/p>\n<\/li>\n<li data-start=\"235\" data-end=\"270\">\n<p data-start=\"237\" data-end=\"270\">H\u00f6henverstellbare Edelstahlf\u00fc\u00dfe<\/p>\n<\/li>\n<li data-start=\"271\" data-end=\"304\">\n<p data-start=\"273\" data-end=\"304\">FCKW-freies K\u00e4ltemittel: R290<\/p>\n<\/li>\n<li data-start=\"305\" data-end=\"345\">\n<p data-start=\"307\" data-end=\"345\">Optionales K\u00e4ltemittel: R134A, R404A<\/p>\n<\/li>\n<li data-start=\"346\" data-end=\"375\">\n<p data-start=\"348\" data-end=\"375\">Abnehmbare Magnetdichtung<\/p>\n<\/li>\n<li data-start=\"376\" data-end=\"405\">\n<p data-start=\"378\" data-end=\"405\">Optionale Frontoberfl\u00e4che<\/p>\n<\/li>\n<li data-start=\"406\" data-end=\"425\" data-is-last-node=\"\">\n<p data-start=\"408\" data-end=\"425\" data-is-last-node=\"\">LED-Beleuchtung<\/p>\n<\/li>\n<\/ul>","protected":false},"excerpt":{"rendered":"<p>Das Modell YGZ-110-EDK hat einen Temperaturbereich von +2\u00b0C bis +8\u00b0C, Abmessungen von 110 \u00d7 75 \u00d7 135 cm und eine Isolationsdicke von 50 mm.<\/p>","protected":false},"featured_media":6008,"comment_status":"open","ping_status":"closed","template":"","meta":{"_acf_changed":false},"pwb-brand":[],"product_brand":[385],"product_cat":[405,403],"product_tag":[],"class_list":{"0":"post-5954","1":"product","2":"type-product","3":"status-publish","4":"has-post-thumbnail","6":"product_brand-alpendy","7":"product_cat-kalt","8":"product_cat-saladetten-prasentationsvitrinen","10":"first","11":"instock","12":"sale","13":"taxable","14":"shipping-taxable","15":"purchasable","16":"product-type-simple"},"acf":[],"aioseo_notices":[],"brands":[],"_links":{"self":[{"href":"https:\/\/www.maiermanagement.eu\/en\/wp-json\/wp\/v2\/product\/5954","targetHints":{"allow":["GET"]}}],"collection":[{"href":"https:\/\/www.maiermanagement.eu\/en\/wp-json\/wp\/v2\/product"}],"about":[{"href":"https:\/\/www.maiermanagement.eu\/en\/wp-json\/wp\/v2\/types\/product"}],"replies":[{"embeddable":true,"href":"https:\/\/www.maiermanagement.eu\/en\/wp-json\/wp\/v2\/comments?post=5954"}],"wp:featuredmedia":[{"embeddable":true,"href":"https:\/\/www.maiermanagement.eu\/en\/wp-json\/wp\/v2\/media\/6008"}],"wp:attachment":[{"href":"https:\/\/www.maiermanagement.eu\/en\/wp-json\/wp\/v2\/media?parent=5954"}],"wp:term":[{"taxonomy":"pwb-brand","embeddable":true,"href":"https:\/\/www.maiermanagement.eu\/en\/wp-json\/wp\/v2\/pwb-brand?post=5954"},{"taxonomy":"product_brand","embeddable":true,"href":"https:\/\/www.maiermanagement.eu\/en\/wp-json\/wp\/v2\/product_brand?post=5954"},{"taxonomy":"product_cat","embeddable":true,"href":"https:\/\/www.maiermanagement.eu\/en\/wp-json\/wp\/v2\/product_cat?post=5954"},{"taxonomy":"product_tag","embeddable":true,"href":"https:\/\/www.maiermanagement.eu\/en\/wp-json\/wp\/v2\/product_tag?post=5954"}],"curies":[{"name":"wp","href":"https:\/\/api.w.org\/{rel}","templated":true}]}}