{"id":5953,"date":"2025-09-12T11:02:55","date_gmt":"2025-09-12T08:02:55","guid":{"rendered":"https:\/\/maiermanagement.eu\/?post_type=product&#038;p=5953"},"modified":"2026-02-02T12:22:51","modified_gmt":"2026-02-02T11:22:51","slug":"ygz-180-gg","status":"publish","type":"product","link":"https:\/\/www.maiermanagement.eu\/en\/shop\/ygz-180-gg\/","title":{"rendered":"YGZ-180-GG"},"content":{"rendered":"<ul>\n<li data-start=\"45\" data-end=\"112\">\n<p data-start=\"47\" data-end=\"112\">Gro\u00dfe Ausstellungsfl\u00e4che mit gek\u00fchlten und beleuchteten Regalen<\/p>\n<\/li>\n<li data-start=\"113\" data-end=\"199\">\n<p data-start=\"115\" data-end=\"199\">Die \u201eGrab-and-Go\u201c-Seite hat 50 cm Breite und ist bei allen Modellen standardisiert<\/p>\n<\/li>\n<li data-start=\"200\" data-end=\"257\">\n<p data-start=\"202\" data-end=\"257\">\u00d6ffnungs- und Schlie\u00dfvorhang zur K\u00fchlung der Produkte<\/p>\n<\/li>\n<li data-start=\"258\" data-end=\"300\">\n<p data-start=\"260\" data-end=\"300\">Ideal f\u00fcr die Aufstellung an jedem Ort<\/p>\n<\/li>\n<li data-start=\"301\" data-end=\"359\">\n<p data-start=\"303\" data-end=\"359\">Niedriger Energieverbrauch und geringe Umweltbelastung<\/p>\n<\/li>\n<li data-start=\"360\" data-end=\"427\">\n<p data-start=\"362\" data-end=\"427\">Bel\u00fcftete K\u00fchlung mit konstanter und optimierter Luftverteilung<\/p>\n<\/li>\n<li data-start=\"428\" data-end=\"448\">\n<p data-start=\"430\" data-end=\"448\">Doppelverglasung<\/p>\n<\/li>\n<li data-start=\"449\" data-end=\"479\">\n<p data-start=\"451\" data-end=\"479\">Innengeh\u00e4use aus Edelstahl<\/p>\n<\/li>\n<li data-start=\"480\" data-end=\"501\">\n<p data-start=\"482\" data-end=\"501\">Ventilatork\u00fchlung<\/p>\n<\/li>\n<li data-start=\"502\" data-end=\"522\">\n<p data-start=\"504\" data-end=\"522\">Dichte: 40 kg\/m\u00b3<\/p>\n<\/li>\n<li data-start=\"523\" data-end=\"547\">\n<p data-start=\"525\" data-end=\"547\">Digitales Bedienfeld<\/p>\n<\/li>\n<li data-start=\"548\" data-end=\"569\">\n<p data-start=\"550\" data-end=\"569\">K\u00e4ltemittel: R290<\/p>\n<\/li>\n<li data-start=\"570\" data-end=\"624\">\n<p data-start=\"572\" data-end=\"624\">Elektrischer Widerstand mit automatischer Abtauung<\/p>\n<\/li>\n<li data-start=\"625\" data-end=\"657\">\n<p data-start=\"627\" data-end=\"657\">Verstellbare Edelstahlregale<\/p>\n<\/li>\n<li data-start=\"658\" data-end=\"699\">\n<p data-start=\"660\" data-end=\"699\">Optionales K\u00e4ltemittel: R134A \/ R404A<\/p>\n<\/li>\n<li data-start=\"700\" data-end=\"742\">\n<p data-start=\"702\" data-end=\"742\">Spezialheizung f\u00fcr beschlagfreies Glas<\/p>\n<\/li>\n<li data-start=\"743\" data-end=\"772\" data-is-last-node=\"\">\n<p data-start=\"745\" data-end=\"772\" data-is-last-node=\"\">Optionale Frontoberfl\u00e4che<\/p>\n<\/li>\n<\/ul>","protected":false},"excerpt":{"rendered":"<p>Das Modell YGZ-180-GG hat einen Temperaturbereich von +4\u00b0C bis +8\u00b0C, Abmessungen von 180 \u00d7 75 \u00d7 140 cm und eine Isolationsdicke von 50 mm.<\/p>","protected":false},"featured_media":7007,"comment_status":"open","ping_status":"closed","template":"","meta":{"_acf_changed":false},"pwb-brand":[],"product_brand":[385],"product_cat":[405],"product_tag":[],"class_list":{"0":"post-5953","1":"product","2":"type-product","3":"status-publish","4":"has-post-thumbnail","6":"product_brand-alpendy","7":"product_cat-kalt","9":"first","10":"instock","11":"sale","12":"taxable","13":"shipping-taxable","14":"purchasable","15":"product-type-simple"},"acf":[],"aioseo_notices":[],"brands":[],"_links":{"self":[{"href":"https:\/\/www.maiermanagement.eu\/en\/wp-json\/wp\/v2\/product\/5953","targetHints":{"allow":["GET"]}}],"collection":[{"href":"https:\/\/www.maiermanagement.eu\/en\/wp-json\/wp\/v2\/product"}],"about":[{"href":"https:\/\/www.maiermanagement.eu\/en\/wp-json\/wp\/v2\/types\/product"}],"replies":[{"embeddable":true,"href":"https:\/\/www.maiermanagement.eu\/en\/wp-json\/wp\/v2\/comments?post=5953"}],"wp:featuredmedia":[{"embeddable":true,"href":"https:\/\/www.maiermanagement.eu\/en\/wp-json\/wp\/v2\/media\/7007"}],"wp:attachment":[{"href":"https:\/\/www.maiermanagement.eu\/en\/wp-json\/wp\/v2\/media?parent=5953"}],"wp:term":[{"taxonomy":"pwb-brand","embeddable":true,"href":"https:\/\/www.maiermanagement.eu\/en\/wp-json\/wp\/v2\/pwb-brand?post=5953"},{"taxonomy":"product_brand","embeddable":true,"href":"https:\/\/www.maiermanagement.eu\/en\/wp-json\/wp\/v2\/product_brand?post=5953"},{"taxonomy":"product_cat","embeddable":true,"href":"https:\/\/www.maiermanagement.eu\/en\/wp-json\/wp\/v2\/product_cat?post=5953"},{"taxonomy":"product_tag","embeddable":true,"href":"https:\/\/www.maiermanagement.eu\/en\/wp-json\/wp\/v2\/product_tag?post=5953"}],"curies":[{"name":"wp","href":"https:\/\/api.w.org\/{rel}","templated":true}]}}