{"id":5950,"date":"2025-09-12T10:47:37","date_gmt":"2025-09-12T07:47:37","guid":{"rendered":"https:\/\/maiermanagement.eu\/?post_type=product&#038;p=5950"},"modified":"2026-02-02T12:36:44","modified_gmt":"2026-02-02T11:36:44","slug":"ygz-150-pd","status":"publish","type":"product","link":"https:\/\/www.maiermanagement.eu\/en\/shop\/ygz-150-pd\/","title":{"rendered":"YGZ-150-PD"},"content":{"rendered":"<ul>\n<li data-start=\"178\" data-end=\"243\">\n<p data-start=\"180\" data-end=\"243\">Gro\u00dfe Pr\u00e4sentationsfl\u00e4che mit beleuchteten, gek\u00fchlten Regalen<\/p>\n<\/li>\n<li data-start=\"244\" data-end=\"291\">\n<p data-start=\"246\" data-end=\"291\">Ideal f\u00fcr die Platzierung an jedem Standort<\/p>\n<\/li>\n<li data-start=\"292\" data-end=\"350\">\n<p data-start=\"294\" data-end=\"350\">Niedriger Energieverbrauch und geringe Umweltbelastung<\/p>\n<\/li>\n<li data-start=\"351\" data-end=\"418\">\n<p data-start=\"353\" data-end=\"418\">Bel\u00fcftete K\u00fchlung mit konstanter und optimierter Luftverteilung<\/p>\n<\/li>\n<li data-start=\"419\" data-end=\"439\">\n<p data-start=\"421\" data-end=\"439\">Doppelverglasung<\/p>\n<\/li>\n<li data-start=\"440\" data-end=\"470\">\n<p data-start=\"442\" data-end=\"470\">Innengeh\u00e4use aus Edelstahl<\/p>\n<\/li>\n<li data-start=\"471\" data-end=\"508\">\n<p data-start=\"473\" data-end=\"508\">Umluftk\u00fchlung (Ventilatorbetrieb)<\/p>\n<\/li>\n<li data-start=\"509\" data-end=\"538\">\n<p data-start=\"511\" data-end=\"538\">D\u00e4mmstoffdichte: 40 kg\/m\u00b3<\/p>\n<\/li>\n<li data-start=\"539\" data-end=\"563\">\n<p data-start=\"541\" data-end=\"563\">Digitales Bedienfeld<\/p>\n<\/li>\n<li data-start=\"564\" data-end=\"623\">\n<p data-start=\"566\" data-end=\"623\">Automatische Abtauung durch elektrischen Heizwiderstand<\/p>\n<\/li>\n<li data-start=\"624\" data-end=\"645\">\n<p data-start=\"626\" data-end=\"645\">K\u00e4ltemittel: R290<\/p>\n<\/li>\n<li data-start=\"647\" data-end=\"679\">\n<p data-start=\"649\" data-end=\"679\">Verstellbare Edelstahlregale<\/p>\n<\/li>\n<li data-start=\"680\" data-end=\"720\">\n<p data-start=\"682\" data-end=\"720\">Optionale K\u00e4ltemittel: R134A \/ R404A<\/p>\n<\/li>\n<li data-start=\"721\" data-end=\"764\">\n<p data-start=\"723\" data-end=\"764\">Speziell beheiztes, beschlagfreies Glas<\/p>\n<\/li>\n<li data-start=\"765\" data-end=\"795\">\n<p data-start=\"767\" data-end=\"795\">Optionale Frontverkleidung<\/p>\n<\/li>\n<\/ul>","protected":false},"excerpt":{"rendered":"<p>Das Modell YGZ-150-PD hat eine Temperaturspanne von +2\u00b0C bis +8\u00b0C. Es misst 150\u00d775\u00d7135 cm und verf\u00fcgt \u00fcber eine 50 mm dicke Isolierung.<\/p>","protected":false},"featured_media":6011,"comment_status":"open","ping_status":"closed","template":"","meta":{"_acf_changed":false},"pwb-brand":[],"product_brand":[385],"product_cat":[405,403],"product_tag":[],"class_list":{"0":"post-5950","1":"product","2":"type-product","3":"status-publish","4":"has-post-thumbnail","6":"product_brand-alpendy","7":"product_cat-kalt","8":"product_cat-saladetten-prasentationsvitrinen","10":"first","11":"instock","12":"sale","13":"taxable","14":"shipping-taxable","15":"purchasable","16":"product-type-simple"},"acf":[],"aioseo_notices":[],"brands":[],"_links":{"self":[{"href":"https:\/\/www.maiermanagement.eu\/en\/wp-json\/wp\/v2\/product\/5950","targetHints":{"allow":["GET"]}}],"collection":[{"href":"https:\/\/www.maiermanagement.eu\/en\/wp-json\/wp\/v2\/product"}],"about":[{"href":"https:\/\/www.maiermanagement.eu\/en\/wp-json\/wp\/v2\/types\/product"}],"replies":[{"embeddable":true,"href":"https:\/\/www.maiermanagement.eu\/en\/wp-json\/wp\/v2\/comments?post=5950"}],"wp:featuredmedia":[{"embeddable":true,"href":"https:\/\/www.maiermanagement.eu\/en\/wp-json\/wp\/v2\/media\/6011"}],"wp:attachment":[{"href":"https:\/\/www.maiermanagement.eu\/en\/wp-json\/wp\/v2\/media?parent=5950"}],"wp:term":[{"taxonomy":"pwb-brand","embeddable":true,"href":"https:\/\/www.maiermanagement.eu\/en\/wp-json\/wp\/v2\/pwb-brand?post=5950"},{"taxonomy":"product_brand","embeddable":true,"href":"https:\/\/www.maiermanagement.eu\/en\/wp-json\/wp\/v2\/product_brand?post=5950"},{"taxonomy":"product_cat","embeddable":true,"href":"https:\/\/www.maiermanagement.eu\/en\/wp-json\/wp\/v2\/product_cat?post=5950"},{"taxonomy":"product_tag","embeddable":true,"href":"https:\/\/www.maiermanagement.eu\/en\/wp-json\/wp\/v2\/product_tag?post=5950"}],"curies":[{"name":"wp","href":"https:\/\/api.w.org\/{rel}","templated":true}]}}