{"id":5949,"date":"2025-09-12T10:34:34","date_gmt":"2025-09-12T07:34:34","guid":{"rendered":"https:\/\/maiermanagement.eu\/?post_type=product&#038;p=5949"},"modified":"2026-02-02T12:42:17","modified_gmt":"2026-02-02T11:42:17","slug":"ygz-125-pd","status":"publish","type":"product","link":"https:\/\/www.maiermanagement.eu\/en\/shop\/ygz-125-pd\/","title":{"rendered":"YGZ-125-PD"},"content":{"rendered":"<ul>\n<li data-start=\"192\" data-end=\"257\">\n<p data-start=\"194\" data-end=\"257\">Gro\u00dfe Pr\u00e4sentationsfl\u00e4che mit beleuchteten, gek\u00fchlten Regalen<\/p>\n<\/li>\n<li data-start=\"258\" data-end=\"305\">\n<p data-start=\"260\" data-end=\"305\">Ideal f\u00fcr die Platzierung an jedem Standort<\/p>\n<\/li>\n<li data-start=\"306\" data-end=\"364\">\n<p data-start=\"308\" data-end=\"364\">Niedriger Energieverbrauch und geringe Umweltbelastung<\/p>\n<\/li>\n<li data-start=\"365\" data-end=\"432\">\n<p data-start=\"367\" data-end=\"432\">Bel\u00fcftete K\u00fchlung mit konstanter und optimierter Luftverteilung<\/p>\n<\/li>\n<li data-start=\"433\" data-end=\"453\">\n<p data-start=\"435\" data-end=\"453\">Doppelverglasung<\/p>\n<\/li>\n<li data-start=\"454\" data-end=\"484\">\n<p data-start=\"456\" data-end=\"484\">Innengeh\u00e4use aus Edelstahl<\/p>\n<\/li>\n<li data-start=\"485\" data-end=\"522\">\n<p data-start=\"487\" data-end=\"522\">Umluftk\u00fchlung (Ventilatorbetrieb)<\/p>\n<\/li>\n<li data-start=\"523\" data-end=\"552\">\n<p data-start=\"525\" data-end=\"552\">D\u00e4mmstoffdichte: 40 kg\/m\u00b3<\/p>\n<\/li>\n<li data-start=\"553\" data-end=\"577\">\n<p data-start=\"555\" data-end=\"577\">Digitales Bedienfeld<\/p>\n<\/li>\n<li data-start=\"578\" data-end=\"637\">\n<p data-start=\"580\" data-end=\"637\">Automatische Abtauung durch elektrischen Heizwiderstand<\/p>\n<\/li>\n<li data-start=\"638\" data-end=\"659\">\n<p data-start=\"640\" data-end=\"659\">K\u00e4ltemittel: R290<\/p>\n<\/li>\n<li data-start=\"660\" data-end=\"712\">\n<p data-start=\"662\" data-end=\"712\">LED-Beleuchtung f\u00fcr optimale Produktpr\u00e4sentation<\/p>\n<\/li>\n<li data-start=\"714\" data-end=\"746\">\n<p data-start=\"716\" data-end=\"746\">Verstellbare Edelstahlregale<\/p>\n<\/li>\n<li data-start=\"747\" data-end=\"787\">\n<p data-start=\"749\" data-end=\"787\">Optionale K\u00e4ltemittel: R134A \/ R404A<\/p>\n<\/li>\n<li data-start=\"788\" data-end=\"831\">\n<p data-start=\"790\" data-end=\"831\">Speziell beheiztes, beschlagfreies Glas<\/p>\n<\/li>\n<li data-start=\"832\" data-end=\"862\">\n<p data-start=\"834\" data-end=\"862\">Optionale Frontverkleidung<\/p>\n<\/li>\n<\/ul>","protected":false},"excerpt":{"rendered":"<p>Der YGZ-125-PD arbeitet bei +2\u00b0C bis +8\u00b0C. Seine Ma\u00dfe sind 125\u00d775\u00d7135 cm mit einer Isolierungsdicke von 50 mm.<\/p>","protected":false},"featured_media":6008,"comment_status":"open","ping_status":"closed","template":"","meta":{"_acf_changed":false},"pwb-brand":[],"product_brand":[385],"product_cat":[405,403],"product_tag":[],"class_list":{"0":"post-5949","1":"product","2":"type-product","3":"status-publish","4":"has-post-thumbnail","6":"product_brand-alpendy","7":"product_cat-kalt","8":"product_cat-saladetten-prasentationsvitrinen","10":"first","11":"instock","12":"sale","13":"taxable","14":"shipping-taxable","15":"purchasable","16":"product-type-simple"},"acf":[],"aioseo_notices":[],"brands":[],"_links":{"self":[{"href":"https:\/\/www.maiermanagement.eu\/en\/wp-json\/wp\/v2\/product\/5949","targetHints":{"allow":["GET"]}}],"collection":[{"href":"https:\/\/www.maiermanagement.eu\/en\/wp-json\/wp\/v2\/product"}],"about":[{"href":"https:\/\/www.maiermanagement.eu\/en\/wp-json\/wp\/v2\/types\/product"}],"replies":[{"embeddable":true,"href":"https:\/\/www.maiermanagement.eu\/en\/wp-json\/wp\/v2\/comments?post=5949"}],"wp:featuredmedia":[{"embeddable":true,"href":"https:\/\/www.maiermanagement.eu\/en\/wp-json\/wp\/v2\/media\/6008"}],"wp:attachment":[{"href":"https:\/\/www.maiermanagement.eu\/en\/wp-json\/wp\/v2\/media?parent=5949"}],"wp:term":[{"taxonomy":"pwb-brand","embeddable":true,"href":"https:\/\/www.maiermanagement.eu\/en\/wp-json\/wp\/v2\/pwb-brand?post=5949"},{"taxonomy":"product_brand","embeddable":true,"href":"https:\/\/www.maiermanagement.eu\/en\/wp-json\/wp\/v2\/product_brand?post=5949"},{"taxonomy":"product_cat","embeddable":true,"href":"https:\/\/www.maiermanagement.eu\/en\/wp-json\/wp\/v2\/product_cat?post=5949"},{"taxonomy":"product_tag","embeddable":true,"href":"https:\/\/www.maiermanagement.eu\/en\/wp-json\/wp\/v2\/product_tag?post=5949"}],"curies":[{"name":"wp","href":"https:\/\/api.w.org\/{rel}","templated":true}]}}