{"id":5946,"date":"2025-09-11T14:20:22","date_gmt":"2025-09-11T11:20:22","guid":{"rendered":"https:\/\/maiermanagement.eu\/?post_type=product&#038;p=5946"},"modified":"2026-02-02T12:47:02","modified_gmt":"2026-02-02T11:47:02","slug":"ygz-154-pd","status":"publish","type":"product","link":"https:\/\/www.maiermanagement.eu\/en\/shop\/ygz-154-pd\/","title":{"rendered":"YGZ-154-PD"},"content":{"rendered":"<ul>\n<li data-start=\"55\" data-end=\"93\">\n<p data-start=\"57\" data-end=\"93\">Holzkohlegrill mit Schamottsteinen<\/p>\n<\/li>\n<li data-start=\"94\" data-end=\"113\">\n<p data-start=\"96\" data-end=\"113\">Geh\u00e4rtetes Glas<\/p>\n<\/li>\n<li data-start=\"114\" data-end=\"154\">\n<p data-start=\"116\" data-end=\"154\">Innengeh\u00e4use und Haube aus Edelstahl<\/p>\n<\/li>\n<li data-start=\"155\" data-end=\"180\">\n<p data-start=\"157\" data-end=\"180\">Optionale Frontfl\u00e4che<\/p>\n<\/li>\n<li data-start=\"181\" data-end=\"200\">\n<p data-start=\"183\" data-end=\"200\">LED-Beleuchtung<\/p>\n<\/li>\n<li data-start=\"202\" data-end=\"254\">\n<p data-start=\"204\" data-end=\"254\">Verstellbare Edelstahlf\u00fc\u00dfe von 100 mm bis 150 mm<\/p>\n<\/li>\n<li data-start=\"255\" data-end=\"275\">\n<p data-start=\"257\" data-end=\"275\">Haube mit Filter<\/p>\n<\/li>\n<\/ul>","protected":false},"excerpt":{"rendered":"<p>Das Modell YGZ-154-PD verf\u00fcgt \u00fcber die Ma\u00dfe 154 \u00d7 87 \u00d7 85\/240 cm und bietet eine ausgewogene Kombination aus Platz und Funktionalit\u00e4t.<\/p>","protected":false},"featured_media":7009,"comment_status":"open","ping_status":"closed","template":"","meta":{"_acf_changed":false},"pwb-brand":[],"product_brand":[385],"product_cat":[403,404],"product_tag":[],"class_list":{"0":"post-5946","1":"product","2":"type-product","3":"status-publish","4":"has-post-thumbnail","6":"product_brand-alpendy","7":"product_cat-saladetten-prasentationsvitrinen","8":"product_cat-warm","10":"first","11":"instock","12":"sale","13":"taxable","14":"shipping-taxable","15":"purchasable","16":"product-type-simple"},"acf":[],"aioseo_notices":[],"brands":[],"_links":{"self":[{"href":"https:\/\/www.maiermanagement.eu\/en\/wp-json\/wp\/v2\/product\/5946","targetHints":{"allow":["GET"]}}],"collection":[{"href":"https:\/\/www.maiermanagement.eu\/en\/wp-json\/wp\/v2\/product"}],"about":[{"href":"https:\/\/www.maiermanagement.eu\/en\/wp-json\/wp\/v2\/types\/product"}],"replies":[{"embeddable":true,"href":"https:\/\/www.maiermanagement.eu\/en\/wp-json\/wp\/v2\/comments?post=5946"}],"wp:featuredmedia":[{"embeddable":true,"href":"https:\/\/www.maiermanagement.eu\/en\/wp-json\/wp\/v2\/media\/7009"}],"wp:attachment":[{"href":"https:\/\/www.maiermanagement.eu\/en\/wp-json\/wp\/v2\/media?parent=5946"}],"wp:term":[{"taxonomy":"pwb-brand","embeddable":true,"href":"https:\/\/www.maiermanagement.eu\/en\/wp-json\/wp\/v2\/pwb-brand?post=5946"},{"taxonomy":"product_brand","embeddable":true,"href":"https:\/\/www.maiermanagement.eu\/en\/wp-json\/wp\/v2\/product_brand?post=5946"},{"taxonomy":"product_cat","embeddable":true,"href":"https:\/\/www.maiermanagement.eu\/en\/wp-json\/wp\/v2\/product_cat?post=5946"},{"taxonomy":"product_tag","embeddable":true,"href":"https:\/\/www.maiermanagement.eu\/en\/wp-json\/wp\/v2\/product_tag?post=5946"}],"curies":[{"name":"wp","href":"https:\/\/api.w.org\/{rel}","templated":true}]}}