{"id":5944,"date":"2025-09-11T14:08:51","date_gmt":"2025-09-11T11:08:51","guid":{"rendered":"https:\/\/maiermanagement.eu\/?post_type=product&#038;p=5944"},"modified":"2026-02-02T12:50:31","modified_gmt":"2026-02-02T11:50:31","slug":"ygz-180-b","status":"publish","type":"product","link":"https:\/\/www.maiermanagement.eu\/en\/shop\/ygz-180-b\/","title":{"rendered":"YGZ-180-B 180x87x85\/135"},"content":{"rendered":"<ul>\n<li data-start=\"96\" data-end=\"119\">\n<p data-start=\"98\" data-end=\"119\"><strong data-start=\"98\" data-end=\"117\">Geh\u00e4rtetes Glas<\/strong><\/p>\n<\/li>\n<li data-start=\"120\" data-end=\"154\">\n<p data-start=\"122\" data-end=\"154\">Innengeh\u00e4use aus <strong data-start=\"139\" data-end=\"152\">Edelstahl<\/strong><\/p>\n<\/li>\n<li data-start=\"155\" data-end=\"188\">\n<p data-start=\"157\" data-end=\"188\"><strong data-start=\"157\" data-end=\"186\">Thermostatische Steuerung<\/strong><\/p>\n<\/li>\n<li data-start=\"189\" data-end=\"208\">\n<p data-start=\"191\" data-end=\"208\"><strong data-start=\"191\" data-end=\"206\">220V \/ 50Hz<\/strong><\/p>\n<\/li>\n<li data-start=\"209\" data-end=\"242\">\n<p data-start=\"211\" data-end=\"242\">Optionale <strong data-start=\"221\" data-end=\"240\">Frontdekoration<\/strong><\/p>\n<\/li>\n<li data-start=\"243\" data-end=\"266\">\n<p data-start=\"245\" data-end=\"266\"><strong data-start=\"245\" data-end=\"264\">LED-Beleuchtung<\/strong><\/p>\n<\/li>\n<li data-start=\"267\" data-end=\"291\">\n<p data-start=\"269\" data-end=\"291\"><strong data-start=\"269\" data-end=\"289\">Flexible Heizung<\/strong><\/p>\n<\/li>\n<li data-start=\"292\" data-end=\"316\">\n<p data-start=\"294\" data-end=\"316\"><strong data-start=\"294\" data-end=\"314\">GN 1\/1 Kapazit\u00e4t<\/strong><\/p>\n<\/li>\n<li data-start=\"317\" data-end=\"343\">\n<p data-start=\"319\" data-end=\"343\"><strong data-start=\"319\" data-end=\"341\">Wasserablassventil<\/strong><\/p>\n<\/li>\n<\/ul>","protected":false},"excerpt":{"rendered":"<p>Das Modell YGZ-180-B ist ein Bain-Marie mit einem Temperaturbereich von 0\u00b0C bis +90\u00b0C, den Ma\u00dfen 180 \u00d7 87 \u00d7 85\/135 cm und einer Kapazit\u00e4t von 5 \u00d7 GN 1\/1.<\/p>","protected":false},"featured_media":7002,"comment_status":"open","ping_status":"closed","template":"","meta":{"_acf_changed":false},"pwb-brand":[],"product_brand":[385],"product_cat":[405,403],"product_tag":[],"class_list":{"0":"post-5944","1":"product","2":"type-product","3":"status-publish","4":"has-post-thumbnail","6":"product_brand-alpendy","7":"product_cat-kalt","8":"product_cat-saladetten-prasentationsvitrinen","10":"first","11":"instock","12":"sale","13":"taxable","14":"shipping-taxable","15":"purchasable","16":"product-type-simple"},"acf":[],"aioseo_notices":[],"brands":[],"_links":{"self":[{"href":"https:\/\/www.maiermanagement.eu\/en\/wp-json\/wp\/v2\/product\/5944","targetHints":{"allow":["GET"]}}],"collection":[{"href":"https:\/\/www.maiermanagement.eu\/en\/wp-json\/wp\/v2\/product"}],"about":[{"href":"https:\/\/www.maiermanagement.eu\/en\/wp-json\/wp\/v2\/types\/product"}],"replies":[{"embeddable":true,"href":"https:\/\/www.maiermanagement.eu\/en\/wp-json\/wp\/v2\/comments?post=5944"}],"wp:featuredmedia":[{"embeddable":true,"href":"https:\/\/www.maiermanagement.eu\/en\/wp-json\/wp\/v2\/media\/7002"}],"wp:attachment":[{"href":"https:\/\/www.maiermanagement.eu\/en\/wp-json\/wp\/v2\/media?parent=5944"}],"wp:term":[{"taxonomy":"pwb-brand","embeddable":true,"href":"https:\/\/www.maiermanagement.eu\/en\/wp-json\/wp\/v2\/pwb-brand?post=5944"},{"taxonomy":"product_brand","embeddable":true,"href":"https:\/\/www.maiermanagement.eu\/en\/wp-json\/wp\/v2\/product_brand?post=5944"},{"taxonomy":"product_cat","embeddable":true,"href":"https:\/\/www.maiermanagement.eu\/en\/wp-json\/wp\/v2\/product_cat?post=5944"},{"taxonomy":"product_tag","embeddable":true,"href":"https:\/\/www.maiermanagement.eu\/en\/wp-json\/wp\/v2\/product_tag?post=5944"}],"curies":[{"name":"wp","href":"https:\/\/api.w.org\/{rel}","templated":true}]}}