{"id":5937,"date":"2025-09-10T11:32:16","date_gmt":"2025-09-10T08:32:16","guid":{"rendered":"https:\/\/maiermanagement.eu\/?post_type=product&#038;p=5937"},"modified":"2026-02-02T13:16:31","modified_gmt":"2026-02-02T12:16:31","slug":"ygz-250-sk","status":"publish","type":"product","link":"https:\/\/www.maiermanagement.eu\/en\/shop\/ygz-250-sk\/","title":{"rendered":"YGZ-250-SK 250x87x85\/135"},"content":{"rendered":"<ul>\n<li data-start=\"118\" data-end=\"141\">\n<p data-start=\"120\" data-end=\"141\"><strong data-start=\"120\" data-end=\"139\">Geh\u00e4rtetes Glas<\/strong><\/p>\n<\/li>\n<li data-start=\"142\" data-end=\"176\">\n<p data-start=\"144\" data-end=\"176\">Innengeh\u00e4use aus <strong data-start=\"161\" data-end=\"174\">Edelstahl<\/strong><\/p>\n<\/li>\n<li data-start=\"177\" data-end=\"201\">\n<p data-start=\"179\" data-end=\"201\"><strong data-start=\"179\" data-end=\"199\">GN 1\/1 Kapazit\u00e4t<\/strong><\/p>\n<\/li>\n<li data-start=\"202\" data-end=\"252\">\n<p data-start=\"204\" data-end=\"252\">Isolierung mit <strong data-start=\"219\" data-end=\"250\">40 kg\/m\u00b3 Polyurethan-Dichte<\/strong><\/p>\n<\/li>\n<li data-start=\"253\" data-end=\"281\">\n<p data-start=\"255\" data-end=\"281\"><strong data-start=\"255\" data-end=\"279\">Digitales Bedienfeld<\/strong><\/p>\n<\/li>\n<li data-start=\"282\" data-end=\"326\">\n<p data-start=\"284\" data-end=\"326\">Elektronische Abtaukontrolle mit Anzeige<\/p>\n<\/li>\n<li data-start=\"327\" data-end=\"366\">\n<p data-start=\"329\" data-end=\"366\">H\u00f6henverstellbare <strong data-start=\"347\" data-end=\"364\">Edelstahlf\u00fc\u00dfe<\/strong><\/p>\n<\/li>\n<li data-start=\"367\" data-end=\"406\">\n<p data-start=\"369\" data-end=\"406\">Spezielles T\u00fcr- und Scharniersystem<\/p>\n<\/li>\n<li data-start=\"407\" data-end=\"462\">\n<p data-start=\"409\" data-end=\"462\">Abnehmbare, leicht zu reinigende <strong data-start=\"442\" data-end=\"460\">Magnetdichtung<\/strong><\/p>\n<\/li>\n<li data-start=\"463\" data-end=\"488\">\n<p data-start=\"465\" data-end=\"488\">K\u00fchlmittel: <strong data-start=\"477\" data-end=\"486\">R 290<\/strong><\/p>\n<\/li>\n<li data-start=\"489\" data-end=\"534\">\n<p data-start=\"491\" data-end=\"534\">Optionale K\u00fchlmittel: <strong data-start=\"513\" data-end=\"532\">R 134A \/ R 404A<\/strong><\/p>\n<\/li>\n<li data-start=\"535\" data-end=\"577\">\n<p data-start=\"537\" data-end=\"577\">Unterseite als <strong data-start=\"552\" data-end=\"567\">K\u00fchlschrank<\/strong> nutzbar<\/p>\n<\/li>\n<li data-start=\"578\" data-end=\"603\">\n<p data-start=\"580\" data-end=\"603\"><strong data-start=\"580\" data-end=\"601\">Ventilatork\u00fchlung<\/strong><\/p>\n<\/li>\n<li data-start=\"604\" data-end=\"633\">\n<p data-start=\"606\" data-end=\"633\">Optionale Frontoberfl\u00e4che<\/p>\n<\/li>\n<li data-start=\"634\" data-end=\"657\">\n<p data-start=\"636\" data-end=\"657\"><strong data-start=\"636\" data-end=\"655\">LED-Beleuchtung<\/strong><\/p>\n<\/li>\n<\/ul>","protected":false},"excerpt":{"rendered":"<ul>\n<li data-start=\"423\" data-end=\"483\">\n<p data-start=\"425\" data-end=\"483\">Arbeitstemperatur von +2\u00b0C bis +8\u00b0C \u2013 konstante Frische.<\/p>\n<\/li>\n<li data-start=\"484\" data-end=\"540\">\n<p data-start=\"486\" data-end=\"540\">Ma\u00dfe: 250 \u00d7 87 \u00d7 85\/135 cm \u2013 extra gro\u00dfe Ausf\u00fchrung.<\/p>\n<\/li>\n<li data-start=\"541\" data-end=\"589\">\n<p data-start=\"543\" data-end=\"589\">Kapazit\u00e4t: 5 \u00d7 GN 1\/1 + 1 \u00d7 GN 2\/4 Beh\u00e4lter.<\/p>\n<\/li>\n<li data-start=\"590\" data-end=\"641\">\n<p data-start=\"592\" data-end=\"641\">50 mm Isolierung \u2013 energieeffizient und robust.<\/p>\n<\/li>\n<\/ul>","protected":false},"featured_media":6006,"comment_status":"open","ping_status":"closed","template":"","meta":{"_acf_changed":false},"pwb-brand":[],"product_brand":[385],"product_cat":[405,403],"product_tag":[],"class_list":{"0":"post-5937","1":"product","2":"type-product","3":"status-publish","4":"has-post-thumbnail","6":"product_brand-alpendy","7":"product_cat-kalt","8":"product_cat-saladetten-prasentationsvitrinen","10":"first","11":"instock","12":"sale","13":"taxable","14":"shipping-taxable","15":"purchasable","16":"product-type-simple"},"acf":[],"aioseo_notices":[],"brands":[],"_links":{"self":[{"href":"https:\/\/www.maiermanagement.eu\/en\/wp-json\/wp\/v2\/product\/5937","targetHints":{"allow":["GET"]}}],"collection":[{"href":"https:\/\/www.maiermanagement.eu\/en\/wp-json\/wp\/v2\/product"}],"about":[{"href":"https:\/\/www.maiermanagement.eu\/en\/wp-json\/wp\/v2\/types\/product"}],"replies":[{"embeddable":true,"href":"https:\/\/www.maiermanagement.eu\/en\/wp-json\/wp\/v2\/comments?post=5937"}],"wp:featuredmedia":[{"embeddable":true,"href":"https:\/\/www.maiermanagement.eu\/en\/wp-json\/wp\/v2\/media\/6006"}],"wp:attachment":[{"href":"https:\/\/www.maiermanagement.eu\/en\/wp-json\/wp\/v2\/media?parent=5937"}],"wp:term":[{"taxonomy":"pwb-brand","embeddable":true,"href":"https:\/\/www.maiermanagement.eu\/en\/wp-json\/wp\/v2\/pwb-brand?post=5937"},{"taxonomy":"product_brand","embeddable":true,"href":"https:\/\/www.maiermanagement.eu\/en\/wp-json\/wp\/v2\/product_brand?post=5937"},{"taxonomy":"product_cat","embeddable":true,"href":"https:\/\/www.maiermanagement.eu\/en\/wp-json\/wp\/v2\/product_cat?post=5937"},{"taxonomy":"product_tag","embeddable":true,"href":"https:\/\/www.maiermanagement.eu\/en\/wp-json\/wp\/v2\/product_tag?post=5937"}],"curies":[{"name":"wp","href":"https:\/\/api.w.org\/{rel}","templated":true}]}}