{"id":5929,"date":"2025-09-09T11:14:59","date_gmt":"2025-09-09T08:14:59","guid":{"rendered":"https:\/\/maiermanagement.eu\/?post_type=product&#038;p=5929"},"modified":"2026-02-02T13:12:35","modified_gmt":"2026-02-02T12:12:35","slug":"ygz-250-s","status":"publish","type":"product","link":"https:\/\/www.maiermanagement.eu\/en\/shop\/ygz-250-s\/","title":{"rendered":"YGZ-250-S 250x87x85\/135"},"content":{"rendered":"<ul>\n<li data-start=\"40\" data-end=\"63\">\n<p data-start=\"42\" data-end=\"63\"><strong data-start=\"42\" data-end=\"61\">Geh\u00e4rtetes Glas<\/strong><\/p>\n<\/li>\n<li data-start=\"64\" data-end=\"98\">\n<p data-start=\"66\" data-end=\"98\"><strong data-start=\"66\" data-end=\"96\">Innengeh\u00e4use aus Edelstahl<\/strong><\/p>\n<\/li>\n<li data-start=\"99\" data-end=\"123\">\n<p data-start=\"101\" data-end=\"123\"><strong data-start=\"101\" data-end=\"121\">GN 1\/1 Kapazit\u00e4t<\/strong><\/p>\n<\/li>\n<li data-start=\"124\" data-end=\"147\">\n<p data-start=\"126\" data-end=\"147\"><strong data-start=\"126\" data-end=\"145\">40 kg\/m\u00b3 Dichte<\/strong><\/p>\n<\/li>\n<li data-start=\"148\" data-end=\"178\">\n<p data-start=\"150\" data-end=\"178\"><strong data-start=\"150\" data-end=\"176\">Polyurethan-Isolierung<\/strong><\/p>\n<\/li>\n<li data-start=\"179\" data-end=\"207\">\n<p data-start=\"181\" data-end=\"207\"><strong data-start=\"181\" data-end=\"205\">Digitales Bedienfeld<\/strong><\/p>\n<\/li>\n<li data-start=\"208\" data-end=\"257\">\n<p data-start=\"210\" data-end=\"257\"><strong data-start=\"210\" data-end=\"255\">Elektronische Abtau-Steuerung und Anzeige<\/strong><\/p>\n<\/li>\n<li data-start=\"258\" data-end=\"297\">\n<p data-start=\"260\" data-end=\"297\"><strong data-start=\"260\" data-end=\"295\">H\u00f6henverstellbare Edelstahlf\u00fc\u00dfe<\/strong><\/p>\n<\/li>\n<li data-start=\"298\" data-end=\"341\">\n<p data-start=\"300\" data-end=\"341\"><strong data-start=\"300\" data-end=\"339\">Spezielle T\u00fcr- und Scharniersysteme<\/strong><\/p>\n<\/li>\n<li data-start=\"342\" data-end=\"405\">\n<p data-start=\"344\" data-end=\"405\"><strong data-start=\"344\" data-end=\"403\">Abnehmbares, leicht zu reinigendes Magnetdichtungsgummi<\/strong><\/p>\n<\/li>\n<li data-start=\"406\" data-end=\"432\">\n<p data-start=\"408\" data-end=\"432\"><strong data-start=\"408\" data-end=\"430\">K\u00e4ltemittel: R 290<\/strong><\/p>\n<\/li>\n<li data-start=\"433\" data-end=\"479\">\n<p data-start=\"435\" data-end=\"479\"><strong data-start=\"435\" data-end=\"477\">Optionale K\u00e4ltemittel: R 134A \/ R 404A<\/strong><\/p>\n<\/li>\n<li data-start=\"480\" data-end=\"513\">\n<p data-start=\"482\" data-end=\"513\"><strong data-start=\"482\" data-end=\"511\">Unterteil als K\u00fchlschrank<\/strong><\/p>\n<\/li>\n<li data-start=\"514\" data-end=\"535\">\n<p data-start=\"516\" data-end=\"535\"><strong data-start=\"516\" data-end=\"533\">Umluftk\u00fchlung<\/strong><\/p>\n<\/li>\n<li data-start=\"536\" data-end=\"565\">\n<p data-start=\"538\" data-end=\"565\"><strong data-start=\"538\" data-end=\"563\">Optionale Frontfl\u00e4che<\/strong><\/p>\n<\/li>\n<li data-start=\"566\" data-end=\"589\">\n<p data-start=\"568\" data-end=\"589\"><strong data-start=\"568\" data-end=\"587\">LED-Beleuchtung<\/strong><\/p>\n<\/li>\n<\/ul>","protected":false},"excerpt":{"rendered":"<p><strong data-start=\"862\" data-end=\"875\">YGZ-250-S<\/strong> Modell arbeitet im Temperaturbereich von +2\u00b0C bis +8\u00b0C. Die Abmessungen betragen 250x87x85\/135 cm. Die Nettokapazit\u00e4t betr\u00e4gt 7 x (1\/1). Die Isolationsdicke liegt bei 50 mm.<\/p>","protected":false},"featured_media":7003,"comment_status":"open","ping_status":"closed","template":"","meta":{"_acf_changed":false},"pwb-brand":[],"product_brand":[385],"product_cat":[405,403],"product_tag":[],"class_list":{"0":"post-5929","1":"product","2":"type-product","3":"status-publish","4":"has-post-thumbnail","6":"product_brand-alpendy","7":"product_cat-kalt","8":"product_cat-saladetten-prasentationsvitrinen","10":"first","11":"instock","12":"sale","13":"taxable","14":"shipping-taxable","15":"purchasable","16":"product-type-simple"},"acf":[],"aioseo_notices":[],"brands":[],"_links":{"self":[{"href":"https:\/\/www.maiermanagement.eu\/en\/wp-json\/wp\/v2\/product\/5929","targetHints":{"allow":["GET"]}}],"collection":[{"href":"https:\/\/www.maiermanagement.eu\/en\/wp-json\/wp\/v2\/product"}],"about":[{"href":"https:\/\/www.maiermanagement.eu\/en\/wp-json\/wp\/v2\/types\/product"}],"replies":[{"embeddable":true,"href":"https:\/\/www.maiermanagement.eu\/en\/wp-json\/wp\/v2\/comments?post=5929"}],"wp:featuredmedia":[{"embeddable":true,"href":"https:\/\/www.maiermanagement.eu\/en\/wp-json\/wp\/v2\/media\/7003"}],"wp:attachment":[{"href":"https:\/\/www.maiermanagement.eu\/en\/wp-json\/wp\/v2\/media?parent=5929"}],"wp:term":[{"taxonomy":"pwb-brand","embeddable":true,"href":"https:\/\/www.maiermanagement.eu\/en\/wp-json\/wp\/v2\/pwb-brand?post=5929"},{"taxonomy":"product_brand","embeddable":true,"href":"https:\/\/www.maiermanagement.eu\/en\/wp-json\/wp\/v2\/product_brand?post=5929"},{"taxonomy":"product_cat","embeddable":true,"href":"https:\/\/www.maiermanagement.eu\/en\/wp-json\/wp\/v2\/product_cat?post=5929"},{"taxonomy":"product_tag","embeddable":true,"href":"https:\/\/www.maiermanagement.eu\/en\/wp-json\/wp\/v2\/product_tag?post=5929"}],"curies":[{"name":"wp","href":"https:\/\/api.w.org\/{rel}","templated":true}]}}