{"id":5901,"date":"2025-09-07T13:00:24","date_gmt":"2025-09-07T10:00:24","guid":{"rendered":"https:\/\/maiermanagement.eu\/?post_type=product&#038;p=5901"},"modified":"2026-02-04T12:47:47","modified_gmt":"2026-02-04T11:47:47","slug":"cpf-40","status":"publish","type":"product","link":"https:\/\/www.maiermanagement.eu\/en\/shop\/cpf-40\/","title":{"rendered":"CPF-40 82x102X206"},"content":{"rendered":"<ul data-start=\"45\" data-end=\"779\">\n<li data-start=\"45\" data-end=\"90\">\n<p data-start=\"47\" data-end=\"90\">Au\u00dfen- und Innenverkleidung aus Edelstahl<\/p>\n<\/li>\n<li data-start=\"91\" data-end=\"137\">\n<p data-start=\"93\" data-end=\"137\">Selbstschlie\u00dfende T\u00fcren mit Magnetdichtung<\/p>\n<\/li>\n<li data-start=\"138\" data-end=\"158\">\n<p data-start=\"140\" data-end=\"158\">Innenbeleuchtung<\/p>\n<\/li>\n<li data-start=\"159\" data-end=\"188\">\n<p data-start=\"161\" data-end=\"188\">Kapazit\u00e4t f\u00fcr 40 Tabletts<\/p>\n<\/li>\n<li data-start=\"189\" data-end=\"232\">\n<p data-start=\"191\" data-end=\"232\">Polyurethan-isoliertes Edelstahlgeh\u00e4use<\/p>\n<\/li>\n<li data-start=\"233\" data-end=\"257\">\n<p data-start=\"235\" data-end=\"257\">Monoblock-K\u00fchlsystem<\/p>\n<\/li>\n<li data-start=\"258\" data-end=\"293\">\n<p data-start=\"260\" data-end=\"293\">H\u00f6henverstellbare Edelstahlf\u00fc\u00dfe<\/p>\n<\/li>\n<li data-start=\"294\" data-end=\"339\">\n<p data-start=\"296\" data-end=\"339\">Ventilatorunterst\u00fctzte Kondensatoreinheit<\/p>\n<\/li>\n<li data-start=\"340\" data-end=\"411\">\n<p data-start=\"342\" data-end=\"411\">Ventilatorunterst\u00fctzter Verdampfer mit Korrosionsschutzbeschichtung<\/p>\n<\/li>\n<li data-start=\"412\" data-end=\"459\">\n<p data-start=\"414\" data-end=\"459\">Verdampferl\u00fcfter stoppt beim \u00d6ffnen der T\u00fcr<\/p>\n<\/li>\n<li data-start=\"460\" data-end=\"505\">\n<p data-start=\"462\" data-end=\"505\">Automatische Verdunstung des Abtauwassers<\/p>\n<\/li>\n<li data-start=\"506\" data-end=\"580\">\n<p data-start=\"508\" data-end=\"580\">Polyurethan-Isolierung mit einer Dichte von 40 kg\/m\u00b3, null ODP und GWP<\/p>\n<\/li>\n<li data-start=\"581\" data-end=\"633\">\n<p data-start=\"583\" data-end=\"633\">Digitale Temperaturregelung, optimiertes Abtauen<\/p>\n<\/li>\n<li data-start=\"634\" data-end=\"676\">\n<p data-start=\"636\" data-end=\"676\">Standard-K\u00e4ltemittel R 290 (FCKW-frei)<\/p>\n<\/li>\n<li data-start=\"677\" data-end=\"720\">\n<p data-start=\"679\" data-end=\"720\">Optionale K\u00e4ltemittel: R 134 A, R 404 A<\/p>\n<\/li>\n<li data-start=\"721\" data-end=\"779\">\n<p data-start=\"723\" data-end=\"779\">Umgebungstemperatur bis 43\u00b0C und 65 % Luftfeuchtigkeit<\/p>\n<\/li>\n<\/ul>","protected":false},"excerpt":{"rendered":"<p><strong data-start=\"572\" data-end=\"582\">CPF-40<\/strong><br data-start=\"582\" data-end=\"585\" \/>Gefrierschrank mit den Ma\u00dfen <strong data-start=\"614\" data-end=\"631\">82x102x206 cm<\/strong>, einer Kapazit\u00e4t von <strong data-start=\"653\" data-end=\"681\">850 Litern (40 Tabletts)<\/strong> und einem Temperaturbereich von <strong data-start=\"714\" data-end=\"733\">-22\u00b0C bis -18\u00b0C<\/strong>. Mit <strong data-start=\"739\" data-end=\"759\">80 mm Isolierung<\/strong>, <strong data-start=\"761\" data-end=\"781\" data-is-only-node=\"\">K\u00e4ltemittel R290<\/strong> und einer Leistung von <strong data-start=\"805\" data-end=\"815\">0,5 kW<\/strong>.<\/p>","protected":false},"featured_media":6023,"comment_status":"open","ping_status":"closed","template":"","meta":{"_acf_changed":false},"pwb-brand":[],"product_brand":[385],"product_cat":[397,396],"product_tag":[],"class_list":{"0":"post-5901","1":"product","2":"type-product","3":"status-publish","4":"has-post-thumbnail","6":"product_brand-alpendy","7":"product_cat-vertikale-kuhlschranke","8":"product_cat-patisserie-models","10":"first","11":"instock","12":"sale","13":"taxable","14":"shipping-taxable","15":"purchasable","16":"product-type-simple"},"acf":[],"aioseo_notices":[],"brands":[],"_links":{"self":[{"href":"https:\/\/www.maiermanagement.eu\/en\/wp-json\/wp\/v2\/product\/5901","targetHints":{"allow":["GET"]}}],"collection":[{"href":"https:\/\/www.maiermanagement.eu\/en\/wp-json\/wp\/v2\/product"}],"about":[{"href":"https:\/\/www.maiermanagement.eu\/en\/wp-json\/wp\/v2\/types\/product"}],"replies":[{"embeddable":true,"href":"https:\/\/www.maiermanagement.eu\/en\/wp-json\/wp\/v2\/comments?post=5901"}],"wp:featuredmedia":[{"embeddable":true,"href":"https:\/\/www.maiermanagement.eu\/en\/wp-json\/wp\/v2\/media\/6023"}],"wp:attachment":[{"href":"https:\/\/www.maiermanagement.eu\/en\/wp-json\/wp\/v2\/media?parent=5901"}],"wp:term":[{"taxonomy":"pwb-brand","embeddable":true,"href":"https:\/\/www.maiermanagement.eu\/en\/wp-json\/wp\/v2\/pwb-brand?post=5901"},{"taxonomy":"product_brand","embeddable":true,"href":"https:\/\/www.maiermanagement.eu\/en\/wp-json\/wp\/v2\/product_brand?post=5901"},{"taxonomy":"product_cat","embeddable":true,"href":"https:\/\/www.maiermanagement.eu\/en\/wp-json\/wp\/v2\/product_cat?post=5901"},{"taxonomy":"product_tag","embeddable":true,"href":"https:\/\/www.maiermanagement.eu\/en\/wp-json\/wp\/v2\/product_tag?post=5901"}],"curies":[{"name":"wp","href":"https:\/\/api.w.org\/{rel}","templated":true}]}}