{"id":5892,"date":"2025-09-07T12:44:24","date_gmt":"2025-09-07T09:44:24","guid":{"rendered":"https:\/\/maiermanagement.eu\/?post_type=product&#038;p=5892"},"modified":"2026-02-12T14:03:01","modified_gmt":"2026-02-12T13:03:01","slug":"cgr-801-pk-gl","status":"publish","type":"product","link":"https:\/\/www.maiermanagement.eu\/en\/shop\/cgr-801-pk-gl\/","title":{"rendered":"CGR-801-PK-GL"},"content":{"rendered":"<p data-start=\"45\" data-end=\"154\">\u2022 Edelstahl-Au\u00dfen- und Innenverkleidung<br data-start=\"84\" data-end=\"87\" \/>\u2022 Selbstschlie\u00dfende T\u00fcren mit Magnetdichtung<br data-start=\"131\" data-end=\"134\" \/>\u2022 Innenbeleuchtung<\/p>\n<p data-start=\"156\" data-end=\"310\">\u2022 Kapazit\u00e4t f\u00fcr 20 Tabletts<br data-start=\"183\" data-end=\"186\" \/>\u2022 Polyurethan-isolierter Edelstahlkorpus<br data-start=\"226\" data-end=\"229\" \/>\u2022 H\u00f6henverstellbare Edelstahlf\u00fc\u00dfe<br data-start=\"262\" data-end=\"265\" \/>\u2022 Ventilatorunterst\u00fctzte Kondensatoreinheit<\/p>\n<p data-start=\"312\" data-end=\"751\">\u2022 Ventilatorunterst\u00fctzter Verdampfer mit Antikorrosionsbeschichtung<br data-start=\"379\" data-end=\"382\" \/>\u2022 Verdampferl\u00fcfter stoppt beim \u00d6ffnen der T\u00fcr<br data-start=\"427\" data-end=\"430\" \/>\u2022 Automatische Verdunstung des Abtauwassers<br data-start=\"473\" data-end=\"476\" \/>\u2022 Polyurethan-Isolierung mit einer Dichte von 40 kg\/m\u00b3, null ODP und GWP<br data-start=\"548\" data-end=\"551\" \/>\u2022 Digitale Temperatursteuerung, optimiertes Abtauen<br data-start=\"602\" data-end=\"605\" \/>\u2022 Standard-K\u00e4ltemittel R 290 (FCKW-frei)<br data-start=\"645\" data-end=\"648\" \/>\u2022 Optionale K\u00e4ltemittel: R 134 A, R 404 A<br data-start=\"689\" data-end=\"692\" \/>\u2022 Umgebungstemperatur bis 43 \u00b0C und 65 % Luftfeuchtigkeit<\/p>","protected":false},"excerpt":{"rendered":"<p><strong data-start=\"454\" data-end=\"471\">CGR-801-PK-GL<\/strong><br data-start=\"471\" data-end=\"474\" \/>K\u00fchlschrank mit Glast\u00fcr, Temperaturbereich -2\u00b0C bis +8\u00b0C. Ma\u00dfe: 70x84x206 cm, Kapazit\u00e4t: 700 Liter \/ 20 Tabletts. 60 mm Isolierung, Leistung 0,36 kW, Spannung 220V-50HZ.<\/p>","protected":false},"featured_media":6024,"comment_status":"open","ping_status":"closed","template":"","meta":{"_acf_changed":false},"pwb-brand":[],"product_brand":[385],"product_cat":[397,396],"product_tag":[],"class_list":{"0":"post-5892","1":"product","2":"type-product","3":"status-publish","4":"has-post-thumbnail","6":"product_brand-alpendy","7":"product_cat-vertikale-kuhlschranke","8":"product_cat-patisserie-models","10":"first","11":"instock","12":"sale","13":"taxable","14":"shipping-taxable","15":"purchasable","16":"product-type-simple"},"acf":[],"aioseo_notices":[],"brands":[],"_links":{"self":[{"href":"https:\/\/www.maiermanagement.eu\/en\/wp-json\/wp\/v2\/product\/5892","targetHints":{"allow":["GET"]}}],"collection":[{"href":"https:\/\/www.maiermanagement.eu\/en\/wp-json\/wp\/v2\/product"}],"about":[{"href":"https:\/\/www.maiermanagement.eu\/en\/wp-json\/wp\/v2\/types\/product"}],"replies":[{"embeddable":true,"href":"https:\/\/www.maiermanagement.eu\/en\/wp-json\/wp\/v2\/comments?post=5892"}],"wp:featuredmedia":[{"embeddable":true,"href":"https:\/\/www.maiermanagement.eu\/en\/wp-json\/wp\/v2\/media\/6024"}],"wp:attachment":[{"href":"https:\/\/www.maiermanagement.eu\/en\/wp-json\/wp\/v2\/media?parent=5892"}],"wp:term":[{"taxonomy":"pwb-brand","embeddable":true,"href":"https:\/\/www.maiermanagement.eu\/en\/wp-json\/wp\/v2\/pwb-brand?post=5892"},{"taxonomy":"product_brand","embeddable":true,"href":"https:\/\/www.maiermanagement.eu\/en\/wp-json\/wp\/v2\/product_brand?post=5892"},{"taxonomy":"product_cat","embeddable":true,"href":"https:\/\/www.maiermanagement.eu\/en\/wp-json\/wp\/v2\/product_cat?post=5892"},{"taxonomy":"product_tag","embeddable":true,"href":"https:\/\/www.maiermanagement.eu\/en\/wp-json\/wp\/v2\/product_tag?post=5892"}],"curies":[{"name":"wp","href":"https:\/\/api.w.org\/{rel}","templated":true}]}}