{"id":5888,"date":"2025-09-07T12:38:27","date_gmt":"2025-09-07T09:38:27","guid":{"rendered":"https:\/\/maiermanagement.eu\/?post_type=product&#038;p=5888"},"modified":"2025-10-10T15:11:25","modified_gmt":"2025-10-10T12:11:25","slug":"cgr-1602-gl-fs","status":"publish","type":"product","link":"https:\/\/www.maiermanagement.eu\/en\/shop\/cgr-1602-gl-fs\/","title":{"rendered":"CGR-1602-GL-FS"},"content":{"rendered":"<ul>\n<li data-start=\"47\" data-end=\"90\">\n<p data-start=\"49\" data-end=\"90\">Au\u00dfenseite und Innenseite aus Edelstahl<\/p>\n<\/li>\n<li data-start=\"91\" data-end=\"137\">\n<p data-start=\"93\" data-end=\"137\">Selbstschlie\u00dfende T\u00fcren mit Magnetdichtung<\/p>\n<\/li>\n<li data-start=\"138\" data-end=\"158\">\n<p data-start=\"140\" data-end=\"158\">Innenbeleuchtung<\/p>\n<\/li>\n<li data-start=\"159\" data-end=\"187\">\n<p data-start=\"161\" data-end=\"187\">40&#215;60 Kunststofftabletts<\/p>\n<\/li>\n<li data-start=\"188\" data-end=\"235\">\n<p data-start=\"190\" data-end=\"235\">Edelstahlgeh\u00e4use mit Polyurethan-Isolierung<\/p>\n<\/li>\n<li data-start=\"236\" data-end=\"271\">\n<p data-start=\"238\" data-end=\"271\">H\u00f6henverstellbare Edelstahlf\u00fc\u00dfe<\/p>\n<\/li>\n<li data-start=\"272\" data-end=\"313\">\n<p data-start=\"274\" data-end=\"313\">L\u00fcfterunterst\u00fctzte Kondensatoreinheit<\/p>\n<\/li>\n<li data-start=\"315\" data-end=\"380\">\n<p data-start=\"317\" data-end=\"380\">L\u00fcfterunterst\u00fctzter Verdampfer mit Antikorrosionsbeschichtung<\/p>\n<\/li>\n<li data-start=\"381\" data-end=\"428\">\n<p data-start=\"383\" data-end=\"428\">Verdampferl\u00fcfter stoppt beim \u00d6ffnen der T\u00fcr<\/p>\n<\/li>\n<li data-start=\"430\" data-end=\"475\">\n<p data-start=\"432\" data-end=\"475\">Automatische Verdunstung des Abtauwassers<\/p>\n<\/li>\n<li data-start=\"476\" data-end=\"550\">\n<p data-start=\"478\" data-end=\"550\">Polyurethan-Isolierung mit einer Dichte von 40 kg\/m\u00b3, null ODP und GWP<\/p>\n<\/li>\n<li data-start=\"551\" data-end=\"603\">\n<p data-start=\"553\" data-end=\"603\">Digitale Temperaturregelung, optimierte Abtauung<\/p>\n<\/li>\n<li data-start=\"604\" data-end=\"646\">\n<p data-start=\"606\" data-end=\"646\">Standard-K\u00e4ltemittel R 290 (FCKW-frei)<\/p>\n<\/li>\n<li data-start=\"647\" data-end=\"690\">\n<p data-start=\"649\" data-end=\"690\">Optionale K\u00e4ltemittel: R 134 A, R 404 A<\/p>\n<\/li>\n<li data-start=\"692\" data-end=\"751\">\n<p data-start=\"694\" data-end=\"751\">Umgebungstemperatur bis 43 \u00b0C und 65 % Luftfeuchtigkeit<\/p>\n<\/li>\n<\/ul>","protected":false},"excerpt":{"rendered":"<p><strong data-start=\"316\" data-end=\"334\">CGR-1602-GL-FS<\/strong><br data-start=\"334\" data-end=\"337\" \/>K\u00fchlschrank mit Glast\u00fcren, Temperaturbereich -2\u00b0C bis +8\u00b0C. Ma\u00dfe 140x84x206 cm, Kapazit\u00e4t 1400 Liter. 60 mm Isolierung, K\u00fchlmittel R290, Leistungsaufnahme 0,62 kW.<\/p>","protected":false},"featured_media":6034,"comment_status":"open","ping_status":"closed","template":"","meta":{"_acf_changed":false},"pwb-brand":[],"product_brand":[385],"product_cat":[397],"product_tag":[],"class_list":{"0":"post-5888","1":"product","2":"type-product","3":"status-publish","4":"has-post-thumbnail","6":"product_brand-alpendy","7":"product_cat-vertikale-kuhlschranke","9":"first","10":"instock","11":"taxable","12":"shipping-taxable","13":"product-type-simple"},"acf":[],"aioseo_notices":[],"brands":[],"_links":{"self":[{"href":"https:\/\/www.maiermanagement.eu\/en\/wp-json\/wp\/v2\/product\/5888","targetHints":{"allow":["GET"]}}],"collection":[{"href":"https:\/\/www.maiermanagement.eu\/en\/wp-json\/wp\/v2\/product"}],"about":[{"href":"https:\/\/www.maiermanagement.eu\/en\/wp-json\/wp\/v2\/types\/product"}],"replies":[{"embeddable":true,"href":"https:\/\/www.maiermanagement.eu\/en\/wp-json\/wp\/v2\/comments?post=5888"}],"wp:featuredmedia":[{"embeddable":true,"href":"https:\/\/www.maiermanagement.eu\/en\/wp-json\/wp\/v2\/media\/6034"}],"wp:attachment":[{"href":"https:\/\/www.maiermanagement.eu\/en\/wp-json\/wp\/v2\/media?parent=5888"}],"wp:term":[{"taxonomy":"pwb-brand","embeddable":true,"href":"https:\/\/www.maiermanagement.eu\/en\/wp-json\/wp\/v2\/pwb-brand?post=5888"},{"taxonomy":"product_brand","embeddable":true,"href":"https:\/\/www.maiermanagement.eu\/en\/wp-json\/wp\/v2\/product_brand?post=5888"},{"taxonomy":"product_cat","embeddable":true,"href":"https:\/\/www.maiermanagement.eu\/en\/wp-json\/wp\/v2\/product_cat?post=5888"},{"taxonomy":"product_tag","embeddable":true,"href":"https:\/\/www.maiermanagement.eu\/en\/wp-json\/wp\/v2\/product_tag?post=5888"}],"curies":[{"name":"wp","href":"https:\/\/api.w.org\/{rel}","templated":true}]}}