{"id":5884,"date":"2025-09-07T12:32:57","date_gmt":"2025-09-07T09:32:57","guid":{"rendered":"https:\/\/maiermanagement.eu\/?post_type=product&#038;p=5884"},"modified":"2026-02-16T09:04:58","modified_gmt":"2026-02-16T08:04:58","slug":"cgr-1602-prof","status":"publish","type":"product","link":"https:\/\/www.maiermanagement.eu\/en\/shop\/cgr-1602-prof\/","title":{"rendered":"CGR-1602-PROF"},"content":{"rendered":"<ul>\n<li data-start=\"69\" data-end=\"114\">\n<p data-start=\"71\" data-end=\"114\"><strong data-start=\"71\" data-end=\"112\">Edelstahl-Au\u00dfen- und Innenverkleidung<\/strong><\/p>\n<\/li>\n<li data-start=\"115\" data-end=\"165\">\n<p data-start=\"117\" data-end=\"165\"><strong data-start=\"117\" data-end=\"163\">Selbstschlie\u00dfende T\u00fcren mit Magnetdichtung<\/strong><\/p>\n<\/li>\n<li data-start=\"166\" data-end=\"190\">\n<p data-start=\"168\" data-end=\"190\"><strong data-start=\"168\" data-end=\"188\">Innenbeleuchtung<\/strong><\/p>\n<\/li>\n<li data-start=\"191\" data-end=\"257\">\n<p data-start=\"193\" data-end=\"257\"><strong data-start=\"193\" data-end=\"255\">GN 2\/1 kunststoffbeschichtete Drahtroste, h\u00f6henverstellbar<\/strong><\/p>\n<\/li>\n<li data-start=\"258\" data-end=\"304\">\n<p data-start=\"260\" data-end=\"304\"><strong data-start=\"260\" data-end=\"302\">Polyurethan-isolierter Edelstahlkorpus<\/strong><\/p>\n<\/li>\n<li data-start=\"305\" data-end=\"344\">\n<p data-start=\"307\" data-end=\"344\"><strong data-start=\"307\" data-end=\"342\">H\u00f6henverstellbare Edelstahlf\u00fc\u00dfe<\/strong><\/p>\n<\/li>\n<li data-start=\"345\" data-end=\"394\">\n<p data-start=\"347\" data-end=\"394\"><strong data-start=\"347\" data-end=\"392\">Ventilatorunterst\u00fctzte Kondensatoreinheit<\/strong><\/p>\n<\/li>\n<li data-start=\"395\" data-end=\"468\">\n<p data-start=\"397\" data-end=\"468\"><strong data-start=\"397\" data-end=\"466\">Ventilatorunterst\u00fctzter Verdampfer mit Antikorrosionsbeschichtung<\/strong><\/p>\n<\/li>\n<li data-start=\"469\" data-end=\"520\">\n<p data-start=\"471\" data-end=\"520\"><strong data-start=\"471\" data-end=\"518\">Verdampferl\u00fcfter stoppt beim \u00d6ffnen der T\u00fcr<\/strong><\/p>\n<\/li>\n<li data-start=\"521\" data-end=\"570\">\n<p data-start=\"523\" data-end=\"570\"><strong data-start=\"523\" data-end=\"568\">Automatische Verdunstung des Abtauwassers<\/strong><\/p>\n<\/li>\n<li data-start=\"571\" data-end=\"639\">\n<p data-start=\"573\" data-end=\"639\"><strong data-start=\"573\" data-end=\"637\">Polyurethan-Isolierung mit 40 kg\/m\u00b3 Dichte, null ODP und GWP<\/strong><\/p>\n<\/li>\n<li data-start=\"640\" data-end=\"701\">\n<p data-start=\"642\" data-end=\"701\"><strong data-start=\"642\" data-end=\"699\">Digitale Temperaturregelung, optimierter Abtauvorgang<\/strong><\/p>\n<\/li>\n<li data-start=\"702\" data-end=\"748\">\n<p data-start=\"704\" data-end=\"748\"><strong data-start=\"704\" data-end=\"746\">Standard-K\u00e4ltemittel R 290 (FCKW-frei)<\/strong><\/p>\n<\/li>\n<li data-start=\"749\" data-end=\"796\">\n<p data-start=\"751\" data-end=\"796\"><strong data-start=\"751\" data-end=\"794\">Optionale K\u00e4ltemittel: R 134 A, R 404 A<\/strong><\/p>\n<\/li>\n<li data-start=\"797\" data-end=\"859\">\n<p data-start=\"799\" data-end=\"859\"><strong data-start=\"799\" data-end=\"857\">Umgebungstemperatur bis 43\u00b0C und 65 % Luftfeuchtigkeit<\/strong><\/p>\n<\/li>\n<\/ul>","protected":false},"excerpt":{"rendered":"<p><strong data-start=\"126\" data-end=\"143\">CGR-1602-PROF<\/strong> ist ein K\u00fchlschrank mit einer Kapazit\u00e4t von <strong data-start=\"188\" data-end=\"203\">1400 Litern<\/strong>. Ma\u00dfe: <strong data-start=\"211\" data-end=\"232\">140 \u00d7 84 \u00d7 206 cm<\/strong>. Er arbeitet im Temperaturbereich von \u20132\u00b0C bis +8\u00b0C, besitzt eine Isolationsst\u00e4rke von 80 mm, verwendet das K\u00e4ltemittel R290 und hat einen Stromverbrauch von 0,6 kW.<\/p>","protected":false},"featured_media":6033,"comment_status":"open","ping_status":"closed","template":"","meta":{"_acf_changed":false},"pwb-brand":[],"product_brand":[385],"product_cat":[397],"product_tag":[],"class_list":{"0":"post-5884","1":"product","2":"type-product","3":"status-publish","4":"has-post-thumbnail","6":"product_brand-alpendy","7":"product_cat-vertikale-kuhlschranke","9":"first","10":"instock","11":"sale","12":"taxable","13":"shipping-taxable","14":"purchasable","15":"product-type-simple"},"acf":[],"aioseo_notices":[],"brands":[],"_links":{"self":[{"href":"https:\/\/www.maiermanagement.eu\/en\/wp-json\/wp\/v2\/product\/5884","targetHints":{"allow":["GET"]}}],"collection":[{"href":"https:\/\/www.maiermanagement.eu\/en\/wp-json\/wp\/v2\/product"}],"about":[{"href":"https:\/\/www.maiermanagement.eu\/en\/wp-json\/wp\/v2\/types\/product"}],"replies":[{"embeddable":true,"href":"https:\/\/www.maiermanagement.eu\/en\/wp-json\/wp\/v2\/comments?post=5884"}],"wp:featuredmedia":[{"embeddable":true,"href":"https:\/\/www.maiermanagement.eu\/en\/wp-json\/wp\/v2\/media\/6033"}],"wp:attachment":[{"href":"https:\/\/www.maiermanagement.eu\/en\/wp-json\/wp\/v2\/media?parent=5884"}],"wp:term":[{"taxonomy":"pwb-brand","embeddable":true,"href":"https:\/\/www.maiermanagement.eu\/en\/wp-json\/wp\/v2\/pwb-brand?post=5884"},{"taxonomy":"product_brand","embeddable":true,"href":"https:\/\/www.maiermanagement.eu\/en\/wp-json\/wp\/v2\/product_brand?post=5884"},{"taxonomy":"product_cat","embeddable":true,"href":"https:\/\/www.maiermanagement.eu\/en\/wp-json\/wp\/v2\/product_cat?post=5884"},{"taxonomy":"product_tag","embeddable":true,"href":"https:\/\/www.maiermanagement.eu\/en\/wp-json\/wp\/v2\/product_tag?post=5884"}],"curies":[{"name":"wp","href":"https:\/\/api.w.org\/{rel}","templated":true}]}}