{"id":5872,"date":"2025-09-07T11:59:51","date_gmt":"2025-09-07T08:59:51","guid":{"rendered":"https:\/\/maiermanagement.eu\/?post_type=product&#038;p=5872"},"modified":"2025-10-10T15:41:15","modified_gmt":"2025-10-10T12:41:15","slug":"cgr-1612-gl","status":"publish","type":"product","link":"https:\/\/www.maiermanagement.eu\/en\/shop\/cgr-1612-gl\/","title":{"rendered":"CGR-1612-GL"},"content":{"rendered":"<p><strong data-start=\"45\" data-end=\"96\">\u2022 Au\u00dfenseite und Innenseite aus Edelstahlpaneel<\/strong><br data-start=\"96\" data-end=\"99\" \/><strong data-start=\"99\" data-end=\"147\">\u2022 Selbstschlie\u00dfende T\u00fcren mit Magnetdichtung<\/strong><br data-start=\"147\" data-end=\"150\" \/><strong data-start=\"150\" data-end=\"172\">\u2022 Innenbeleuchtung<\/strong><br data-start=\"172\" data-end=\"175\" \/><strong data-start=\"175\" data-end=\"246\">\u2022 GN 2\/1 Regale aus kunststoffbeschichtetem Draht, h\u00f6henverstellbar<\/strong><br data-start=\"246\" data-end=\"249\" data-is-only-node=\"\" \/><strong data-start=\"249\" data-end=\"297\">\u2022 Edelstahlkorpus mit Polyurethan-Isolierung<\/strong><br data-start=\"297\" data-end=\"300\" \/><strong data-start=\"300\" data-end=\"337\">\u2022 H\u00f6henverstellbare Edelstahlf\u00fc\u00dfe<\/strong><br data-start=\"337\" data-end=\"340\" \/><strong data-start=\"340\" data-end=\"387\">\u2022 Ventilatorunterst\u00fctzte Kondensatoreinheit<\/strong><strong data-start=\"391\" data-end=\"464\">\u2022 Ventilatorunterst\u00fctzter Verdampfer mit Korrosionsschutzbeschichtung<\/strong><br data-start=\"464\" data-end=\"467\" \/><strong data-start=\"467\" data-end=\"516\">\u2022 Verdampferl\u00fcfter stoppt beim \u00d6ffnen der T\u00fcr<\/strong><br data-start=\"516\" data-end=\"519\" \/><strong data-start=\"519\" data-end=\"566\">\u2022 Automatische Verdunstung des Abtauwassers<\/strong><br data-start=\"566\" data-end=\"569\" \/><strong data-start=\"569\" data-end=\"645\">\u2022 Polyurethan-Isolierung mit einer Dichte von 40 Kg\/m\u00b3, ohne ODP und GWP<\/strong><br data-start=\"645\" data-end=\"648\" data-is-only-node=\"\" \/><strong data-start=\"648\" data-end=\"702\">\u2022 Digitale Temperaturregelung, optimierte Abtauung<\/strong><br data-start=\"702\" data-end=\"705\" \/><strong data-start=\"705\" data-end=\"749\">\u2022 Standard-K\u00e4ltemittel R 290 (FCKW-frei)<\/strong><br data-start=\"749\" data-end=\"752\" \/><strong data-start=\"752\" data-end=\"797\">\u2022 Optionale K\u00e4ltemittel: R 134 A, R 404 A<\/strong><br data-start=\"797\" data-end=\"800\" \/><strong data-start=\"800\" data-end=\"860\">\u2022 Umgebungstemperatur bis 38\u00b0C und 65 % Luftfeuchtigkeit<\/strong><\/p>","protected":false},"excerpt":{"rendered":"<p><strong data-start=\"652\" data-end=\"667\">CGR-1612-GL<\/strong> ist ein doppel\u00adt\u00fcriger K\u00fchlschrank mit Glast\u00fcren und 1400 Litern Fassungsverm\u00f6gen. Ma\u00dfe: <strong data-start=\"757\" data-end=\"778\">140 \u00d7 84 \u00d7 206 cm<\/strong>. Er arbeitet im Temperaturbereich von \u20132\u00b0C bis +8\u00b0C, hat eine Isolationsst\u00e4rke von 60 mm und einen Stromverbrauch von 0,62 kW.<\/p>","protected":false},"featured_media":6041,"comment_status":"open","ping_status":"closed","template":"","meta":{"_acf_changed":false},"pwb-brand":[],"product_brand":[385],"product_cat":[397],"product_tag":[],"class_list":{"0":"post-5872","1":"product","2":"type-product","3":"status-publish","4":"has-post-thumbnail","6":"product_brand-alpendy","7":"product_cat-vertikale-kuhlschranke","9":"first","10":"instock","11":"taxable","12":"shipping-taxable","13":"product-type-simple"},"acf":[],"aioseo_notices":[],"brands":[],"_links":{"self":[{"href":"https:\/\/www.maiermanagement.eu\/en\/wp-json\/wp\/v2\/product\/5872","targetHints":{"allow":["GET"]}}],"collection":[{"href":"https:\/\/www.maiermanagement.eu\/en\/wp-json\/wp\/v2\/product"}],"about":[{"href":"https:\/\/www.maiermanagement.eu\/en\/wp-json\/wp\/v2\/types\/product"}],"replies":[{"embeddable":true,"href":"https:\/\/www.maiermanagement.eu\/en\/wp-json\/wp\/v2\/comments?post=5872"}],"wp:featuredmedia":[{"embeddable":true,"href":"https:\/\/www.maiermanagement.eu\/en\/wp-json\/wp\/v2\/media\/6041"}],"wp:attachment":[{"href":"https:\/\/www.maiermanagement.eu\/en\/wp-json\/wp\/v2\/media?parent=5872"}],"wp:term":[{"taxonomy":"pwb-brand","embeddable":true,"href":"https:\/\/www.maiermanagement.eu\/en\/wp-json\/wp\/v2\/pwb-brand?post=5872"},{"taxonomy":"product_brand","embeddable":true,"href":"https:\/\/www.maiermanagement.eu\/en\/wp-json\/wp\/v2\/product_brand?post=5872"},{"taxonomy":"product_cat","embeddable":true,"href":"https:\/\/www.maiermanagement.eu\/en\/wp-json\/wp\/v2\/product_cat?post=5872"},{"taxonomy":"product_tag","embeddable":true,"href":"https:\/\/www.maiermanagement.eu\/en\/wp-json\/wp\/v2\/product_tag?post=5872"}],"curies":[{"name":"wp","href":"https:\/\/api.w.org\/{rel}","templated":true}]}}