{"id":5866,"date":"2025-09-07T11:46:56","date_gmt":"2025-09-07T08:46:56","guid":{"rendered":"https:\/\/maiermanagement.eu\/?post_type=product&#038;p=5866"},"modified":"2025-10-10T15:56:20","modified_gmt":"2025-10-10T12:56:20","slug":"cgr-1612","status":"publish","type":"product","link":"https:\/\/www.maiermanagement.eu\/en\/shop\/cgr-1612\/","title":{"rendered":"CGR-1612"},"content":{"rendered":"<p><strong data-start=\"45\" data-end=\"96\">\u2022 Au\u00dfenseite und Innenseite aus Edelstahlpaneel<\/strong><br data-start=\"96\" data-end=\"99\" \/><strong data-start=\"99\" data-end=\"147\">\u2022 Selbstschlie\u00dfende T\u00fcren mit Magnetdichtung<\/strong><br data-start=\"147\" data-end=\"150\" \/><strong data-start=\"150\" data-end=\"217\">\u2022 Edelstahlkorpus und -arbeitsplatte mit Polyurethan-Isolierung<\/strong><br data-start=\"217\" data-end=\"220\" \/><strong data-start=\"220\" data-end=\"257\">\u2022 H\u00f6henverstellbare Edelstahlf\u00fc\u00dfe<\/strong><br data-start=\"257\" data-end=\"260\" \/><strong data-start=\"260\" data-end=\"307\">\u2022 Ventilatorunterst\u00fctzte Kondensatoreinheit<\/strong><br data-start=\"307\" data-end=\"310\" \/><strong data-start=\"310\" data-end=\"383\">\u2022 Ventilatorunterst\u00fctzter Verdampfer mit Korrosionsschutzbeschichtung<\/strong><br data-start=\"383\" data-end=\"386\" \/><strong data-start=\"386\" data-end=\"422\">\u2022 Automatische Wasserverdunstung<\/strong><br data-start=\"422\" data-end=\"425\" \/><strong data-start=\"425\" data-end=\"456\">\u2022 Automatisches Abtausystem<\/strong><br data-start=\"456\" data-end=\"459\" \/><strong data-start=\"459\" data-end=\"535\">\u2022 Polyurethan-Isolierung mit einer Dichte von 40 Kg\/m\u00b3, ohne ODP und GWP<\/strong><br data-start=\"535\" data-end=\"538\" \/><strong data-start=\"538\" data-end=\"592\">\u2022 Digitale Temperaturregelung, optimierte Abtauung<\/strong><br data-start=\"592\" data-end=\"595\" \/><strong data-start=\"595\" data-end=\"639\">\u2022 Standard-K\u00e4ltemittel R 290 (FCKW-frei)<\/strong><br data-start=\"639\" data-end=\"642\" \/><strong data-start=\"642\" data-end=\"687\">\u2022 Optionale K\u00e4ltemittel: R 134 A, R 404 A<\/strong><br data-start=\"687\" data-end=\"690\" \/><strong data-start=\"690\" data-end=\"750\">\u2022 Umgebungstemperatur bis 43\u00b0C und 65 % Luftfeuchtigkeit<\/strong><\/p>","protected":false},"excerpt":{"rendered":"<p data-start=\"109\" data-end=\"391\">Der CGR-1612 ist ein K\u00fchlschrank mit einer <strong data-start=\"152\" data-end=\"181\">Nettokapazit\u00e4t von 1400 l<\/strong> und einem Temperaturbereich von <strong data-start=\"214\" data-end=\"231\">\u20132\u00b0C bis +8\u00b0C<\/strong>.<br data-start=\"232\" data-end=\"235\" \/>Dank <strong data-start=\"240\" data-end=\"266\">60 mm Isolationsst\u00e4rke<\/strong> und einem Verbrauch von <strong data-start=\"291\" data-end=\"301\">0,6 kW<\/strong> ist er energieeffizient.<br data-start=\"326\" data-end=\"329\" \/>Abmessungen: <strong data-start=\"342\" data-end=\"359\">140x84x206 cm<\/strong>.<br data-start=\"360\" data-end=\"363\" \/>Betrieb mit <strong data-start=\"375\" data-end=\"388\">220V-50Hz<\/strong>.<\/p>","protected":false},"featured_media":6042,"comment_status":"open","ping_status":"closed","template":"","meta":{"_acf_changed":false},"pwb-brand":[],"product_brand":[385],"product_cat":[397],"product_tag":[],"class_list":{"0":"post-5866","1":"product","2":"type-product","3":"status-publish","4":"has-post-thumbnail","6":"product_brand-alpendy","7":"product_cat-vertikale-kuhlschranke","9":"first","10":"instock","11":"taxable","12":"shipping-taxable","13":"product-type-simple"},"acf":[],"aioseo_notices":[],"brands":[],"_links":{"self":[{"href":"https:\/\/www.maiermanagement.eu\/en\/wp-json\/wp\/v2\/product\/5866","targetHints":{"allow":["GET"]}}],"collection":[{"href":"https:\/\/www.maiermanagement.eu\/en\/wp-json\/wp\/v2\/product"}],"about":[{"href":"https:\/\/www.maiermanagement.eu\/en\/wp-json\/wp\/v2\/types\/product"}],"replies":[{"embeddable":true,"href":"https:\/\/www.maiermanagement.eu\/en\/wp-json\/wp\/v2\/comments?post=5866"}],"wp:featuredmedia":[{"embeddable":true,"href":"https:\/\/www.maiermanagement.eu\/en\/wp-json\/wp\/v2\/media\/6042"}],"wp:attachment":[{"href":"https:\/\/www.maiermanagement.eu\/en\/wp-json\/wp\/v2\/media?parent=5866"}],"wp:term":[{"taxonomy":"pwb-brand","embeddable":true,"href":"https:\/\/www.maiermanagement.eu\/en\/wp-json\/wp\/v2\/pwb-brand?post=5866"},{"taxonomy":"product_brand","embeddable":true,"href":"https:\/\/www.maiermanagement.eu\/en\/wp-json\/wp\/v2\/product_brand?post=5866"},{"taxonomy":"product_cat","embeddable":true,"href":"https:\/\/www.maiermanagement.eu\/en\/wp-json\/wp\/v2\/product_cat?post=5866"},{"taxonomy":"product_tag","embeddable":true,"href":"https:\/\/www.maiermanagement.eu\/en\/wp-json\/wp\/v2\/product_tag?post=5866"}],"curies":[{"name":"wp","href":"https:\/\/api.w.org\/{rel}","templated":true}]}}