{"id":5864,"date":"2025-09-07T11:43:17","date_gmt":"2025-09-07T08:43:17","guid":{"rendered":"https:\/\/maiermanagement.eu\/?post_type=product&#038;p=5864"},"modified":"2026-02-12T14:24:23","modified_gmt":"2026-02-12T13:24:23","slug":"cgf-811","status":"publish","type":"product","link":"https:\/\/www.maiermanagement.eu\/en\/shop\/cgf-811\/","title":{"rendered":"CGF-811"},"content":{"rendered":"<p><strong data-start=\"45\" data-end=\"96\">\u2022 Au\u00dfenseite und Innenseite aus Edelstahlpaneel<\/strong><br data-start=\"96\" data-end=\"99\" \/><strong data-start=\"99\" data-end=\"147\">\u2022 Selbstschlie\u00dfende T\u00fcren mit Magnetdichtung<\/strong><br data-start=\"147\" data-end=\"150\" \/><strong data-start=\"150\" data-end=\"172\">\u2022 Innenbeleuchtung<\/strong><br data-start=\"172\" data-end=\"175\" \/><strong data-start=\"175\" data-end=\"246\">\u2022 GN 2\/1 Regale aus kunststoffbeschichtetem Draht, h\u00f6henverstellbar<\/strong><br data-start=\"246\" data-end=\"249\" \/><strong data-start=\"249\" data-end=\"297\">\u2022 Edelstahlkorpus mit Polyurethan-Isolierung<\/strong><br data-start=\"297\" data-end=\"300\" \/><strong data-start=\"300\" data-end=\"337\">\u2022 H\u00f6henverstellbare Edelstahlf\u00fc\u00dfe<\/strong><br data-start=\"337\" data-end=\"340\" \/><strong data-start=\"340\" data-end=\"387\">\u2022 Ventilatorunterst\u00fctzte Kondensatoreinheit<\/strong><br data-start=\"387\" data-end=\"390\" \/><strong data-start=\"390\" data-end=\"463\">\u2022 Ventilatorunterst\u00fctzter Verdampfer mit Korrosionsschutzbeschichtung<\/strong><br data-start=\"463\" data-end=\"466\" \/><strong data-start=\"466\" data-end=\"515\">\u2022 Verdampferl\u00fcfter stoppt beim \u00d6ffnen der T\u00fcr<\/strong><br data-start=\"515\" data-end=\"518\" \/><strong data-start=\"518\" data-end=\"565\">\u2022 Automatische Verdunstung des Abtauwassers<\/strong><br data-start=\"565\" data-end=\"568\" \/><strong data-start=\"568\" data-end=\"644\">\u2022 Polyurethan-Isolierung mit einer Dichte von 40 Kg\/m\u00b3, ohne ODP und GWP<\/strong><br data-start=\"644\" data-end=\"647\" \/><strong data-start=\"647\" data-end=\"701\">\u2022 Digitale Temperaturregelung, optimierte Abtauung<\/strong><br data-start=\"701\" data-end=\"704\" \/><strong data-start=\"704\" data-end=\"748\">\u2022 Standard-K\u00e4ltemittel R 290 (FCKW-frei)<\/strong><br data-start=\"748\" data-end=\"751\" \/><strong data-start=\"751\" data-end=\"796\">\u2022 Optionale K\u00e4ltemittel: R 134 A, R 404 A<\/strong><br data-start=\"796\" data-end=\"799\" \/><strong data-start=\"799\" data-end=\"859\">\u2022 Umgebungstemperatur bis 43\u00b0C und 65 % Luftfeuchtigkeit<\/strong><\/p>","protected":false},"excerpt":{"rendered":"<p>Der Gefrierschrank CGF-811 arbeitet im Temperaturbereich von <strong data-start=\"827\" data-end=\"846\">\u201322\u00b0C bis \u201318\u00b0C<\/strong>.<br data-start=\"847\" data-end=\"850\" \/>Er verf\u00fcgt \u00fcber eine <strong data-start=\"871\" data-end=\"899\">Nettokapazit\u00e4t von 700 l<\/strong> und eine <strong data-start=\"909\" data-end=\"936\">60 mm starke Isolierung<\/strong>.<br data-start=\"937\" data-end=\"940\" \/>Mit einem Energieverbrauch von <strong data-start=\"971\" data-end=\"982\">0,78 kW<\/strong> bietet er starke K\u00fchlleistung.<br data-start=\"1013\" data-end=\"1016\" \/>Abmessungen: <strong data-start=\"1029\" data-end=\"1045\">70x84x206 cm<\/strong>, Betrieb mit <strong data-start=\"1059\" data-end=\"1072\">220V-50Hz<\/strong>.<\/p>","protected":false},"featured_media":6031,"comment_status":"open","ping_status":"closed","template":"","meta":{"_acf_changed":false},"pwb-brand":[],"product_brand":[385],"product_cat":[397],"product_tag":[],"class_list":{"0":"post-5864","1":"product","2":"type-product","3":"status-publish","4":"has-post-thumbnail","6":"product_brand-alpendy","7":"product_cat-vertikale-kuhlschranke","9":"first","10":"instock","11":"sale","12":"taxable","13":"shipping-taxable","14":"purchasable","15":"product-type-simple"},"acf":[],"aioseo_notices":[],"brands":[],"_links":{"self":[{"href":"https:\/\/www.maiermanagement.eu\/en\/wp-json\/wp\/v2\/product\/5864","targetHints":{"allow":["GET"]}}],"collection":[{"href":"https:\/\/www.maiermanagement.eu\/en\/wp-json\/wp\/v2\/product"}],"about":[{"href":"https:\/\/www.maiermanagement.eu\/en\/wp-json\/wp\/v2\/types\/product"}],"replies":[{"embeddable":true,"href":"https:\/\/www.maiermanagement.eu\/en\/wp-json\/wp\/v2\/comments?post=5864"}],"wp:featuredmedia":[{"embeddable":true,"href":"https:\/\/www.maiermanagement.eu\/en\/wp-json\/wp\/v2\/media\/6031"}],"wp:attachment":[{"href":"https:\/\/www.maiermanagement.eu\/en\/wp-json\/wp\/v2\/media?parent=5864"}],"wp:term":[{"taxonomy":"pwb-brand","embeddable":true,"href":"https:\/\/www.maiermanagement.eu\/en\/wp-json\/wp\/v2\/pwb-brand?post=5864"},{"taxonomy":"product_brand","embeddable":true,"href":"https:\/\/www.maiermanagement.eu\/en\/wp-json\/wp\/v2\/product_brand?post=5864"},{"taxonomy":"product_cat","embeddable":true,"href":"https:\/\/www.maiermanagement.eu\/en\/wp-json\/wp\/v2\/product_cat?post=5864"},{"taxonomy":"product_tag","embeddable":true,"href":"https:\/\/www.maiermanagement.eu\/en\/wp-json\/wp\/v2\/product_tag?post=5864"}],"curies":[{"name":"wp","href":"https:\/\/api.w.org\/{rel}","templated":true}]}}