{"id":5841,"date":"2025-09-07T11:05:46","date_gmt":"2025-09-07T08:05:46","guid":{"rendered":"https:\/\/maiermanagement.eu\/?post_type=product&#038;p=5841"},"modified":"2025-09-07T11:05:46","modified_gmt":"2025-09-07T08:05:46","slug":"ptg-215-gr","status":"publish","type":"product","link":"https:\/\/www.maiermanagement.eu\/en\/shop\/ptg-215-gr\/","title":{"rendered":"PTG-215-GR"},"content":{"rendered":"<ul>\n<li data-start=\"73\" data-end=\"118\">\n<p data-start=\"75\" data-end=\"118\">Au\u00dfen- und Innenverkleidung aus Edelstahl<\/p>\n<\/li>\n<li data-start=\"119\" data-end=\"165\">\n<p data-start=\"121\" data-end=\"165\">Selbstschlie\u00dfende T\u00fcren mit Magnetdichtung<\/p>\n<\/li>\n<li data-start=\"166\" data-end=\"223\">\n<p data-start=\"168\" data-end=\"223\">Polyurethan-isoliertes Edelstahlgeh\u00e4use und -oberteil<\/p>\n<\/li>\n<li data-start=\"224\" data-end=\"259\">\n<p data-start=\"226\" data-end=\"259\">H\u00f6henverstellbare Edelstahlf\u00fc\u00dfe<\/p>\n<\/li>\n<li data-start=\"260\" data-end=\"305\">\n<p data-start=\"262\" data-end=\"305\">Ventilatorunterst\u00fctzte Kondensatoreinheit<\/p>\n<\/li>\n<li data-start=\"306\" data-end=\"375\">\n<p data-start=\"308\" data-end=\"375\">Ventilatorunterst\u00fctzter Verdampfer mit Antikorrosionsbeschichtung<\/p>\n<\/li>\n<li data-start=\"376\" data-end=\"410\">\n<p data-start=\"378\" data-end=\"410\">Automatische Wasserverdunstung<\/p>\n<\/li>\n<li data-start=\"411\" data-end=\"440\">\n<p data-start=\"413\" data-end=\"440\">Automatisches Abtausystem<\/p>\n<\/li>\n<li data-start=\"441\" data-end=\"490\">\n<p data-start=\"443\" data-end=\"490\">40 kg\/m\u00b3 Polyurethand\u00e4mmung, null ODP und GWP<\/p>\n<\/li>\n<li data-start=\"491\" data-end=\"553\">\n<p data-start=\"493\" data-end=\"553\">Digitale Temperaturregelung, optimierte Abtauung \u20132\u00b0C\/+8\u00b0C<\/p>\n<\/li>\n<li data-start=\"554\" data-end=\"597\">\n<p data-start=\"556\" data-end=\"597\">Standard-K\u00e4ltemittel: R 290 (FCKW-frei)<\/p>\n<\/li>\n<li data-start=\"598\" data-end=\"641\">\n<p data-start=\"600\" data-end=\"641\">Optionale K\u00e4ltemittel: R 134 A, R 404 A<\/p>\n<\/li>\n<li data-start=\"642\" data-end=\"697\">\n<p data-start=\"644\" data-end=\"697\">Umgebungstemperatur: 43\u00b0C und 65 % Luftfeuchtigkeit<\/p>\n<\/li>\n<\/ul>","protected":false},"excerpt":{"rendered":"<p>Au\u00dfen- und Innenverkleidung aus Edelstahl Selbstschlie\u00dfende T\u00fcren mit Magnetdichtung Polyurethan-isoliertes Edelstahlgeh\u00e4use und -oberteil H\u00f6henverstellbare Edelstahlf\u00fc\u00dfe Ventilatorunterst\u00fctzte Kondensatoreinheit Ventilatorunterst\u00fctzter Verdampfer mit Antikorrosionsbeschichtung Automatische Wasserverdunstung Automatisches Abtausystem 40 kg\/m\u00b3 Polyurethand\u00e4mmung, null ODP und GWP Digitale Temperaturregelung, optimierte Abtauung \u20132\u00b0C\/+8\u00b0C Standard-K\u00e4ltemittel: R 290 (FCKW-frei) Optionale K\u00e4ltemittel: R 134 A, R 404 A Umgebungstemperatur: 43\u00b0C und 65 % Luftfeuchtigkeit<\/p>","protected":false},"featured_media":0,"comment_status":"open","ping_status":"closed","template":"","meta":{"_acf_changed":false},"pwb-brand":[],"product_brand":[385],"product_cat":[396],"product_tag":[],"class_list":{"0":"post-5841","1":"product","2":"type-product","3":"status-publish","5":"product_brand-alpendy","6":"product_cat-patisserie-models","8":"first","9":"instock","10":"taxable","11":"shipping-taxable","12":"product-type-simple"},"acf":[],"aioseo_notices":[],"brands":[],"_links":{"self":[{"href":"https:\/\/www.maiermanagement.eu\/en\/wp-json\/wp\/v2\/product\/5841","targetHints":{"allow":["GET"]}}],"collection":[{"href":"https:\/\/www.maiermanagement.eu\/en\/wp-json\/wp\/v2\/product"}],"about":[{"href":"https:\/\/www.maiermanagement.eu\/en\/wp-json\/wp\/v2\/types\/product"}],"replies":[{"embeddable":true,"href":"https:\/\/www.maiermanagement.eu\/en\/wp-json\/wp\/v2\/comments?post=5841"}],"wp:attachment":[{"href":"https:\/\/www.maiermanagement.eu\/en\/wp-json\/wp\/v2\/media?parent=5841"}],"wp:term":[{"taxonomy":"pwb-brand","embeddable":true,"href":"https:\/\/www.maiermanagement.eu\/en\/wp-json\/wp\/v2\/pwb-brand?post=5841"},{"taxonomy":"product_brand","embeddable":true,"href":"https:\/\/www.maiermanagement.eu\/en\/wp-json\/wp\/v2\/product_brand?post=5841"},{"taxonomy":"product_cat","embeddable":true,"href":"https:\/\/www.maiermanagement.eu\/en\/wp-json\/wp\/v2\/product_cat?post=5841"},{"taxonomy":"product_tag","embeddable":true,"href":"https:\/\/www.maiermanagement.eu\/en\/wp-json\/wp\/v2\/product_tag?post=5841"}],"curies":[{"name":"wp","href":"https:\/\/api.w.org\/{rel}","templated":true}]}}