{"id":5834,"date":"2025-09-06T13:30:33","date_gmt":"2025-09-06T10:30:33","guid":{"rendered":"https:\/\/maiermanagement.eu\/?post_type=product&#038;p=5834"},"modified":"2025-09-06T13:30:34","modified_gmt":"2025-09-06T10:30:34","slug":"pgr-185-gr","status":"publish","type":"product","link":"https:\/\/www.maiermanagement.eu\/en\/shop\/pgr-185-gr\/","title":{"rendered":"PGR-185-GR"},"content":{"rendered":"<ul>\n<li data-start=\"95\" data-end=\"140\">\n<p data-start=\"97\" data-end=\"140\">Au\u00dfen- und Innenverkleidung aus Edelstahl<\/p>\n<\/li>\n<li data-start=\"141\" data-end=\"187\">\n<p data-start=\"143\" data-end=\"187\">Selbstschlie\u00dfende T\u00fcren mit Magnetdichtung<\/p>\n<\/li>\n<li data-start=\"188\" data-end=\"245\">\n<p data-start=\"190\" data-end=\"245\">Polyurethan-isoliertes Edelstahlgeh\u00e4use und -oberteil<\/p>\n<\/li>\n<li data-start=\"246\" data-end=\"281\">\n<p data-start=\"248\" data-end=\"281\">H\u00f6henverstellbare Edelstahlf\u00fc\u00dfe<\/p>\n<\/li>\n<li data-start=\"282\" data-end=\"327\">\n<p data-start=\"284\" data-end=\"327\">Ventilatorunterst\u00fctzte Kondensatoreinheit<\/p>\n<\/li>\n<li data-start=\"328\" data-end=\"397\">\n<p data-start=\"330\" data-end=\"397\">Ventilatorunterst\u00fctzter Verdampfer mit Antikorrosionsbeschichtung<\/p>\n<\/li>\n<li data-start=\"398\" data-end=\"432\">\n<p data-start=\"400\" data-end=\"432\">Automatische Wasserverdunstung<\/p>\n<\/li>\n<li data-start=\"433\" data-end=\"462\">\n<p data-start=\"435\" data-end=\"462\">Automatisches Abtausystem<\/p>\n<\/li>\n<li data-start=\"463\" data-end=\"512\">\n<p data-start=\"465\" data-end=\"512\">40 kg\/m\u00b3 Polyurethand\u00e4mmung, null ODP und GWP<\/p>\n<\/li>\n<li data-start=\"513\" data-end=\"565\">\n<p data-start=\"515\" data-end=\"565\">Digitale Temperaturregelung, optimierte Abtauung<\/p>\n<\/li>\n<li data-start=\"566\" data-end=\"609\">\n<p data-start=\"568\" data-end=\"609\">Standard-K\u00e4ltemittel: R 290 (FCKW-frei)<\/p>\n<\/li>\n<li data-start=\"610\" data-end=\"653\">\n<p data-start=\"612\" data-end=\"653\">Optionale K\u00e4ltemittel: R 134 A, R 404 A<\/p>\n<\/li>\n<li data-start=\"654\" data-end=\"709\">\n<p data-start=\"656\" data-end=\"709\">Umgebungstemperatur: 43\u00b0C und 65 % Luftfeuchtigkeit<\/p>\n<\/li>\n<\/ul>","protected":false},"excerpt":{"rendered":"<p>Das Modell PGR-185-GR k\u00fchlt zwischen \u20132\u00b0C und +8\u00b0C. Die Ma\u00dfe betragen 185\u00d770\u00d7124 cm. Es hat ein Fassungsverm\u00f6gen von 400 Litern und enth\u00e4lt 8 Beh\u00e4lter im Format 1\/4 GN. Die Isolationsst\u00e4rke betr\u00e4gt 50 mm. Der Stromverbrauch liegt bei 0,28 kW und die Spannung bei 220V\u201350Hz.<\/p>","protected":false},"featured_media":0,"comment_status":"open","ping_status":"closed","template":"","meta":{"_acf_changed":false},"pwb-brand":[],"product_brand":[385],"product_cat":[396],"product_tag":[],"class_list":{"0":"post-5834","1":"product","2":"type-product","3":"status-publish","5":"product_brand-alpendy","6":"product_cat-patisserie-models","8":"first","9":"instock","10":"taxable","11":"shipping-taxable","12":"product-type-simple"},"acf":[],"aioseo_notices":[],"brands":[],"_links":{"self":[{"href":"https:\/\/www.maiermanagement.eu\/en\/wp-json\/wp\/v2\/product\/5834","targetHints":{"allow":["GET"]}}],"collection":[{"href":"https:\/\/www.maiermanagement.eu\/en\/wp-json\/wp\/v2\/product"}],"about":[{"href":"https:\/\/www.maiermanagement.eu\/en\/wp-json\/wp\/v2\/types\/product"}],"replies":[{"embeddable":true,"href":"https:\/\/www.maiermanagement.eu\/en\/wp-json\/wp\/v2\/comments?post=5834"}],"wp:attachment":[{"href":"https:\/\/www.maiermanagement.eu\/en\/wp-json\/wp\/v2\/media?parent=5834"}],"wp:term":[{"taxonomy":"pwb-brand","embeddable":true,"href":"https:\/\/www.maiermanagement.eu\/en\/wp-json\/wp\/v2\/pwb-brand?post=5834"},{"taxonomy":"product_brand","embeddable":true,"href":"https:\/\/www.maiermanagement.eu\/en\/wp-json\/wp\/v2\/product_brand?post=5834"},{"taxonomy":"product_cat","embeddable":true,"href":"https:\/\/www.maiermanagement.eu\/en\/wp-json\/wp\/v2\/product_cat?post=5834"},{"taxonomy":"product_tag","embeddable":true,"href":"https:\/\/www.maiermanagement.eu\/en\/wp-json\/wp\/v2\/product_tag?post=5834"}],"curies":[{"name":"wp","href":"https:\/\/api.w.org\/{rel}","templated":true}]}}