{"id":5831,"date":"2025-09-06T13:08:30","date_gmt":"2025-09-06T10:08:30","guid":{"rendered":"https:\/\/maiermanagement.eu\/?post_type=product&#038;p=5831"},"modified":"2026-02-17T10:15:02","modified_gmt":"2026-02-17T09:15:02","slug":"ugr-185-sld-gl","status":"publish","type":"product","link":"https:\/\/www.maiermanagement.eu\/en\/shop\/ugr-185-sld-gl\/","title":{"rendered":"UGR-185-SLD-GL"},"content":{"rendered":"<p>\u2022 Au\u00dfengeh\u00e4use und Innenverkleidung aus Edelstahl<br \/>\n\u2022 Selbstschlie\u00dfende T\u00fcr mit Magnetdichtungen<br \/>\n\u2022 Edelstahlgeh\u00e4use und -oberseite mit Polyurethan-Isolierung<br \/>\n\u2022 K\u00fchlschrankregale im Gastronorm-Format, kompatibel mit GN 1\/1<br \/>\n\u2022 H\u00f6henverstellbare Edelstahlf\u00fc\u00dfe<br \/>\n\u2022 Kondensatoreinheit mit L\u00fcfterunterst\u00fctzung<br \/>\n\u2022 Verdampfer mit L\u00fcfterunterst\u00fctzung und Korrosionsschutzbeschichtung<br \/>\n\u2022 Automatische Wasserverdunstung<br \/>\n\u2022 Automatisches Abtausystem<br \/>\n\u2022 Polyurethan-Isolierung mit einer Dichte von 40 kg\/m\u00b3, ohne ODP und GWP<br \/>\n\u2022 Digitale Temperaturregelung mit optimiertem Abtauvorgang<br \/>\n\u2022 Standard-K\u00e4ltemittel R 290 (FCKW-frei)<br \/>\n\u2022 Optionale K\u00e4ltemittel: R 134 A, R 404 A<br \/>\n\u2022 Umgebungstemperatur bis 43\u00b0C bei 65 % Luftfeuchtigkeit<\/p>","protected":false},"excerpt":{"rendered":"<p>Das Modell UGR-185-SLD-GL k\u00fchlt zwischen \u20132\u00b0C und +8\u00b0C. Die Ma\u00dfe betragen 185\u00d770\u00d785\/135 cm. Es hat ein Fassungsverm\u00f6gen von 400 Litern. Die Isolationsst\u00e4rke betr\u00e4gt 50 mm. Der Stromverbrauch liegt bei 0,32 kW und die Spannung bei 220V\u201350Hz. Dieses Modell ist mit einer Glasabdeckung, einem Servieraufsatz und einem Schutzgel\u00e4nder ausgestattet, was es besonders f\u00fcr den Einsatz im Gastronomiebereich macht.<\/p>","protected":false},"featured_media":5980,"comment_status":"open","ping_status":"closed","template":"","meta":{"_acf_changed":false},"pwb-brand":[],"product_brand":[385],"product_cat":[395],"product_tag":[],"class_list":{"0":"post-5831","1":"product","2":"type-product","3":"status-publish","4":"has-post-thumbnail","6":"product_brand-alpendy","7":"product_cat-make-up-kuhlschrank","9":"first","10":"instock","11":"sale","12":"taxable","13":"shipping-taxable","14":"purchasable","15":"product-type-simple"},"acf":[],"aioseo_notices":[],"brands":[],"_links":{"self":[{"href":"https:\/\/www.maiermanagement.eu\/en\/wp-json\/wp\/v2\/product\/5831","targetHints":{"allow":["GET"]}}],"collection":[{"href":"https:\/\/www.maiermanagement.eu\/en\/wp-json\/wp\/v2\/product"}],"about":[{"href":"https:\/\/www.maiermanagement.eu\/en\/wp-json\/wp\/v2\/types\/product"}],"replies":[{"embeddable":true,"href":"https:\/\/www.maiermanagement.eu\/en\/wp-json\/wp\/v2\/comments?post=5831"}],"wp:featuredmedia":[{"embeddable":true,"href":"https:\/\/www.maiermanagement.eu\/en\/wp-json\/wp\/v2\/media\/5980"}],"wp:attachment":[{"href":"https:\/\/www.maiermanagement.eu\/en\/wp-json\/wp\/v2\/media?parent=5831"}],"wp:term":[{"taxonomy":"pwb-brand","embeddable":true,"href":"https:\/\/www.maiermanagement.eu\/en\/wp-json\/wp\/v2\/pwb-brand?post=5831"},{"taxonomy":"product_brand","embeddable":true,"href":"https:\/\/www.maiermanagement.eu\/en\/wp-json\/wp\/v2\/product_brand?post=5831"},{"taxonomy":"product_cat","embeddable":true,"href":"https:\/\/www.maiermanagement.eu\/en\/wp-json\/wp\/v2\/product_cat?post=5831"},{"taxonomy":"product_tag","embeddable":true,"href":"https:\/\/www.maiermanagement.eu\/en\/wp-json\/wp\/v2\/product_tag?post=5831"}],"curies":[{"name":"wp","href":"https:\/\/api.w.org\/{rel}","templated":true}]}}