{"id":5818,"date":"2025-09-06T12:15:37","date_gmt":"2025-09-06T09:15:37","guid":{"rendered":"https:\/\/maiermanagement.eu\/?post_type=product&#038;p=5818"},"modified":"2025-09-06T12:15:38","modified_gmt":"2025-09-06T09:15:38","slug":"mgr-185-gr","status":"publish","type":"product","link":"https:\/\/www.maiermanagement.eu\/en\/shop\/mgr-185-gr\/","title":{"rendered":"MGR-185-GR"},"content":{"rendered":"<p><!--StartFragment --><\/p>\n<ul>\n<li>Au\u00dfen- und Innenverkleidung aus Edelstahl<\/li>\n<li>Selbstschlie\u00dfende T\u00fcren mit Magnetdichtung<\/li>\n<li>Edelstahlgeh\u00e4use und -oberfl\u00e4che mit Polyurethan-Isolierung<\/li>\n<li>K\u00fchlschrankb\u00f6den im Gastronorm-Format, kompatibel mit GN 1\/1<\/li>\n<li>H\u00f6henverstellbare Edelstahlf\u00fc\u00dfe<\/li>\n<li>L\u00fcfterunterst\u00fctzte Kondensatoreinheit<\/li>\n<li>L\u00fcfterunterst\u00fctzter Verdampfer mit Korrosionsschutzbeschichtung<\/li>\n<li>Automatische Wasserverdunstung<\/li>\n<li>Automatisches Abtausystem<\/li>\n<li>Polyurethan-Isolierung mit einer Dichte von 40 kg\/m\u00b3, ohne ODP und GWP<\/li>\n<li>Digitale Temperaturregelung, optimierter Abtauvorgang<\/li>\n<li>Standard-K\u00e4ltemittel R 290 (FCKW-frei)<\/li>\n<li>Optionale K\u00e4ltemittel: R 134 A, R 404 A<\/li>\n<li>Umgebungstemperatur bis zu 43\u00b0C bei 65 % Luftfeuchtigkeit<\/li>\n<\/ul>\n<p><!--EndFragment --><\/p>","protected":false},"excerpt":{"rendered":"<p>Gr\u00f6\u00dferes Modell mit den Ma\u00dfen 185x70x134 cm und einem Nettofassungsverm\u00f6gen von 410 Litern. <!--StartFragment -->Die Arbeitsfl\u00e4che ist mit <strong>Granit<\/strong> beschichtet \u2013 ideal f\u00fcr hygienisches Arbeiten und hohe Belastbarkeit. Der Energieverbrauch betr\u00e4gt 0,28 kW.<\/p>\n<p><!--EndFragment --><\/p>","protected":false},"featured_media":0,"comment_status":"open","ping_status":"closed","template":"","meta":{"_acf_changed":false},"pwb-brand":[],"product_brand":[385],"product_cat":[395],"product_tag":[],"class_list":{"0":"post-5818","1":"product","2":"type-product","3":"status-publish","5":"product_brand-alpendy","6":"product_cat-make-up-kuhlschrank","8":"first","9":"instock","10":"sale","11":"taxable","12":"shipping-taxable","13":"purchasable","14":"product-type-simple"},"acf":[],"aioseo_notices":[],"brands":[],"_links":{"self":[{"href":"https:\/\/www.maiermanagement.eu\/en\/wp-json\/wp\/v2\/product\/5818","targetHints":{"allow":["GET"]}}],"collection":[{"href":"https:\/\/www.maiermanagement.eu\/en\/wp-json\/wp\/v2\/product"}],"about":[{"href":"https:\/\/www.maiermanagement.eu\/en\/wp-json\/wp\/v2\/types\/product"}],"replies":[{"embeddable":true,"href":"https:\/\/www.maiermanagement.eu\/en\/wp-json\/wp\/v2\/comments?post=5818"}],"wp:attachment":[{"href":"https:\/\/www.maiermanagement.eu\/en\/wp-json\/wp\/v2\/media?parent=5818"}],"wp:term":[{"taxonomy":"pwb-brand","embeddable":true,"href":"https:\/\/www.maiermanagement.eu\/en\/wp-json\/wp\/v2\/pwb-brand?post=5818"},{"taxonomy":"product_brand","embeddable":true,"href":"https:\/\/www.maiermanagement.eu\/en\/wp-json\/wp\/v2\/product_brand?post=5818"},{"taxonomy":"product_cat","embeddable":true,"href":"https:\/\/www.maiermanagement.eu\/en\/wp-json\/wp\/v2\/product_cat?post=5818"},{"taxonomy":"product_tag","embeddable":true,"href":"https:\/\/www.maiermanagement.eu\/en\/wp-json\/wp\/v2\/product_tag?post=5818"}],"curies":[{"name":"wp","href":"https:\/\/api.w.org\/{rel}","templated":true}]}}