{"id":5814,"date":"2025-09-06T11:48:04","date_gmt":"2025-09-06T08:48:04","guid":{"rendered":"https:\/\/maiermanagement.eu\/?post_type=product&#038;p=5814"},"modified":"2026-02-02T13:53:37","modified_gmt":"2026-02-02T12:53:37","slug":"btf-60","status":"publish","type":"product","link":"https:\/\/www.maiermanagement.eu\/en\/shop\/btf-60\/","title":{"rendered":"BTF-60  60x60X88,5"},"content":{"rendered":"<p><!--StartFragment --><\/p>\n<ul>\n<li>Au\u00dfengeh\u00e4use und Innenverkleidung aus Edelstahl<\/li>\n<li>Selbstschlie\u00dfende T\u00fcren mit Magnetdichtung<\/li>\n<li>Spezielles T\u00fcrscharnier-System<\/li>\n<li>Innenbeleuchtung<\/li>\n<li>GN 1\/1 Einlegeb\u00f6den<\/li>\n<li>Edelstahlgeh\u00e4use und -oberfl\u00e4che mit Polyurethan-Isolierung<\/li>\n<li>L\u00fcfterunterst\u00fctzte Kondensatoreinheit<\/li>\n<li>L\u00fcfterunterst\u00fctzter Verdampfer mit Korrosionsschutzbeschichtung<\/li>\n<li>Automatische Verdunstung des Abtauwassers<\/li>\n<li>Polyurethan-Isolierung mit einer Dichte von 40 kg\/m\u00b3, ohne ODP und GWP<\/li>\n<li>Digitale Temperaturregelung, optimierter Abtauvorgang<\/li>\n<li>Standard-K\u00e4ltemittel R 290 (FCKW-frei)<\/li>\n<li>Optionale K\u00e4ltemittel: R 134 A, R 404 A<\/li>\n<li>Umgebungstemperatur bis zu 43\u00b0C bei 65 % Luftfeuchtigkeit<\/li>\n<\/ul>\n<p><!--EndFragment --><\/p>","protected":false},"excerpt":{"rendered":"<p>Dieses Modell ist mit einem leistungsst\u00e4rkeren Motor ausgestattet (0,25 kW) und bietet eine schnellere K\u00fchlleistung bei gleichbleibender Gr\u00f6\u00dfe und Kapazit\u00e4t.<\/p>","protected":false},"featured_media":7060,"comment_status":"open","ping_status":"closed","template":"","meta":{"_acf_changed":false},"pwb-brand":[],"product_brand":[],"product_cat":[392,399],"product_tag":[],"class_list":{"0":"post-5814","1":"product","2":"type-product","3":"status-publish","4":"has-post-thumbnail","6":"product_cat-general","7":"product_cat-bar-kuhlschrank","9":"first","10":"instock","11":"taxable","12":"shipping-taxable","13":"purchasable","14":"product-type-simple"},"acf":[],"aioseo_notices":[],"brands":[],"_links":{"self":[{"href":"https:\/\/www.maiermanagement.eu\/en\/wp-json\/wp\/v2\/product\/5814","targetHints":{"allow":["GET"]}}],"collection":[{"href":"https:\/\/www.maiermanagement.eu\/en\/wp-json\/wp\/v2\/product"}],"about":[{"href":"https:\/\/www.maiermanagement.eu\/en\/wp-json\/wp\/v2\/types\/product"}],"replies":[{"embeddable":true,"href":"https:\/\/www.maiermanagement.eu\/en\/wp-json\/wp\/v2\/comments?post=5814"}],"wp:featuredmedia":[{"embeddable":true,"href":"https:\/\/www.maiermanagement.eu\/en\/wp-json\/wp\/v2\/media\/7060"}],"wp:attachment":[{"href":"https:\/\/www.maiermanagement.eu\/en\/wp-json\/wp\/v2\/media?parent=5814"}],"wp:term":[{"taxonomy":"pwb-brand","embeddable":true,"href":"https:\/\/www.maiermanagement.eu\/en\/wp-json\/wp\/v2\/pwb-brand?post=5814"},{"taxonomy":"product_brand","embeddable":true,"href":"https:\/\/www.maiermanagement.eu\/en\/wp-json\/wp\/v2\/product_brand?post=5814"},{"taxonomy":"product_cat","embeddable":true,"href":"https:\/\/www.maiermanagement.eu\/en\/wp-json\/wp\/v2\/product_cat?post=5814"},{"taxonomy":"product_tag","embeddable":true,"href":"https:\/\/www.maiermanagement.eu\/en\/wp-json\/wp\/v2\/product_tag?post=5814"}],"curies":[{"name":"wp","href":"https:\/\/api.w.org\/{rel}","templated":true}]}}