{"id":9,"date":"2026-01-08T23:03:10","date_gmt":"2026-01-08T22:03:10","guid":{"rendered":"https:\/\/maiermanagement.eu\/shop\/"},"modified":"2026-01-08T23:32:33","modified_gmt":"2026-01-08T22:32:33","slug":"versand-und-rueckgabebedingungen","status":"publish","type":"page","link":"https:\/\/www.maiermanagement.eu\/en\/versand-und-rueckgabebedingungen\/","title":{"rendered":"Versand- und R\u00fcckgabebedingungen"},"content":{"rendered":"<h2>Versand- und R\u00fcckgabebedingungen der Maier Management GmbH<\/h2>\r\n<p>Sehr geehrte Kundin, sehr geehrter Kunde,<\/p>\r\n<p>die <strong>Maier Management GmbH<\/strong> freut sich \u00fcber Ihr Interesse an unseren Produkten. Nachfolgend finden Sie alle wichtigen Informationen zu Versand, Lieferung, Ihrem gesetzlichen Widerrufsrecht sowie unseren freiwilligen R\u00fcckgabebedingungen.<\/p>\r\n<ol>\r\n<li>\r\n<h3>Versandinformationen<\/h3>\r\n<\/li>\r\n<\/ol>\r\n<p><strong>1.1 Bearbeitungszeit<\/strong><\/p>\r\n<p>Alle Bestellungen werden innerhalb von 2-5 Werktagen (Montag bis Freitag, ausgenommen Feiertage) nach Zahlungseingang bearbeitet und versandfertig gemacht.<\/p>\r\n<p><strong>1.2 Versandkosten und Lieferzeit<\/strong><\/p>\r\n<p>Die Lieferung erfolgt ausschlie\u00dflich innerhalb Deutschlands.<\/p>\r\n<table width=\"100%\">\r\n<thead>\r\n<tr>\r\n<td>\r\n<p>Versandart<\/p>\r\n<\/td>\r\n<td>\r\n<p>Versandkosten<\/p>\r\n<\/td>\r\n<td>\r\n<p>Kostenfrei ab<\/p>\r\n<\/td>\r\n<td>\r\n<p>Voraussichtliche Lieferzeit (nach Versand)<\/p>\r\n<\/td>\r\n<\/tr>\r\n<\/thead>\r\n<tbody>\r\n<tr>\r\n<td>\r\n<p>Standardversand<\/p>\r\n<\/td>\r\n<td>\r\n<p>[Bitte hier eintragen]<\/p>\r\n<\/td>\r\n<td>\r\n<p>[Bitte hier eintragen]<\/p>\r\n<\/td>\r\n<td>\r\n<p>variiert zwischen 2 und 14 Tagen<\/p>\r\n<\/td>\r\n<\/tr>\r\n<tr>\r\n<td>\r\n<p>Expressversand<\/p>\r\n<\/td>\r\n<td>\r\n<p>[Bitte hier eintragen]<\/p>\r\n<\/td>\r\n<td>\r\n<p>Nicht verf\u00fcgbar<\/p>\r\n<\/td>\r\n<td>\r\n<p>[Bitte hier eintragen]<\/p>\r\n<\/td>\r\n<\/tr>\r\n<\/tbody>\r\n<\/table>\r\n<ul>\r\n<li>Die genauen Versandkosten werden Ihnen im Warenkorb und an der Kasse vor Abschluss des Bestellvorgangs angezeigt.<\/li>\r\n<li>Wir versenden mit unseren Logistikpartnern DHL.<\/li>\r\n<\/ul>\r\n<p><strong>1.3 Sendungsverfolgung<\/strong><\/p>\r\n<p>Sobald Ihre Bestellung unser Lager verlassen hat, erhalten Sie eine separate E-Mail mit der Sendungsverfolgungsnummer (Tracking-Nummer), mit der Sie den Status Ihrer Sendung online verfolgen k\u00f6nnen.<\/p>\r\n<p>&nbsp;<\/p>\r\n<p><strong>1.4 Besch\u00e4digte oder verlorene Sendungen<\/strong><\/p>\r\n<p>Sollte Ihre Bestellung besch\u00e4digt bei Ihnen ankommen oder auf dem Transportweg verloren gehen, kontaktieren Sie uns bitte umgehend unter <a href=\"mailto:info@maiermanagement.eu\"><strong>info@maiermanagement.eu<\/strong><\/a>. Wir werden uns schnellstm\u00f6glich um eine L\u00f6sung (Ersatzlieferung oder R\u00fcckerstattung) k\u00fcmmern.<\/p>\r\n<ol start=\"2\">\r\n<li>\r\n<h3>Gesetzliches Widerrufsrecht (Widerrufsbelehrung)<\/h3>\r\n<\/li>\r\n<\/ol>\r\n<p>Als Verbraucher haben Sie das Recht, binnen vierzehn Tagen ohne Angabe von Gr\u00fcnden diesen Vertrag zu widerrufen.<\/p>\r\n<p><strong>2.1 Widerrufsfrist<\/strong><\/p>\r\n<p>Die Widerrufsfrist betr\u00e4gt vierzehn Tage ab dem Tag, an dem Sie oder ein von Ihnen benannter Dritter, der nicht der Bef\u00f6rderer ist, die letzte Ware in Besitz genommen haben bzw. hat.<\/p>\r\n<p><strong>2.2 Aus\u00fcbung des Widerrufsrechts<\/strong><\/p>\r\n<p>Um Ihr Widerrufsrecht auszu\u00fcben, m\u00fcssen Sie uns, der Maier Management GmbH, mittels einer eindeutigen Erkl\u00e4rung (z. B. ein mit der Post versandter Brief oder eine E-Mail) \u00fcber Ihren Entschluss, diesen Vertrag zu widerrufen, informieren.<\/p>\r\n<p>Maier Management GmbH Im Maierbr\u00fchl 60 79112 E-Mail: <a href=\"mailto:info@maiermanagement.eu\"><strong>info@maiermanagement.eu<\/strong><\/a><\/p>\r\n<p>Sie k\u00f6nnen daf\u00fcr das beigef\u00fcgte Muster-Widerrufsformular verwenden, das jedoch nicht vorgeschrieben ist. Zur Wahrung der Widerrufsfrist reicht es aus, dass Sie die Mitteilung \u00fcber die Aus\u00fcbung des Widerrufsrechts vor Ablauf der Widerrufsfrist absenden.<\/p>\r\n<p><strong>2.3 Folgen des Widerrufs<\/strong><\/p>\r\n<p>Wenn Sie diesen Vertrag widerrufen, haben wir Ihnen alle Zahlungen, die wir von Ihnen erhalten haben, einschlie\u00dflich der Lieferkosten (mit Ausnahme der zus\u00e4tzlichen Kosten, die sich daraus ergeben, dass Sie eine andere Art der Lieferung als die von uns angebotene, g\u00fcnstigste Standardlieferung gew\u00e4hlt haben), unverz\u00fcglich und sp\u00e4testens binnen vierzehn Tagen ab dem Tag zur\u00fcckzuzahlen, an dem die Mitteilung \u00fcber Ihren Widerruf dieses Vertrags bei uns eingegangen ist.<\/p>\r\n<p>F\u00fcr diese R\u00fcckzahlung verwenden wir dasselbe Zahlungsmittel, das Sie bei der urspr\u00fcnglichen Transaktion eingesetzt haben, es sei denn, mit Ihnen wurde ausdr\u00fccklich etwas anderes vereinbart.<\/p>\r\n<p>Wir k\u00f6nnen die R\u00fcckzahlung verweigern, bis wir die Waren wieder zur\u00fcckerhalten haben oder bis Sie den Nachweis erbracht haben, dass Sie die Waren zur\u00fcckgesandt haben, je nachdem, welches der fr\u00fchere Zeitpunkt ist.<\/p>\r\n<p><strong>2.4 R\u00fccksendung der Waren<\/strong><\/p>\r\n<p>Sie haben die Waren unverz\u00fcglich und in jedem Fall sp\u00e4testens binnen vierzehn Tagen ab dem Tag, an dem Sie uns \u00fcber den Widerruf dieses Vertrags unterrichten, an uns zur\u00fcckzusenden oder zu \u00fcbergeben. Die Frist ist gewahrt, wenn Sie die Waren vor Ablauf der Frist von vierzehn Tagen absenden.<\/p>\r\n<p>Sie tragen die unmittelbaren Kosten der R\u00fccksendung der Waren.<\/p>\r\n<p>Sie m\u00fcssen f\u00fcr einen etwaigen Wertverlust der Waren nur aufkommen, wenn dieser Wertverlust auf einen zur Pr\u00fcfung der Beschaffenheit, Eigenschaften und Funktionsweise der Waren nicht notwendigen Umgang mit ihnen zur\u00fcckzuf\u00fchren ist.<\/p>\r\n<ol start=\"3\">\r\n<li>\r\n<h3>Freiwilliges R\u00fcckgaberecht (Zus\u00e4tzlich zum gesetzlichen Widerrufsrecht)<\/h3>\r\n<\/li>\r\n<\/ol>\r\n<p>Zus\u00e4tzlich zu Ihrem gesetzlichen Widerrufsrecht gew\u00e4hren wir Ihnen ein freiwilliges R\u00fcckgaberecht von insgesamt 30 Tagen ab Erhalt der Ware.<\/p>\r\n<p><strong>3.1 Bedingungen f\u00fcr die freiwillige R\u00fcckgabe<\/strong><\/p>\r\n<ul>\r\n<li>Die Ware muss vollst\u00e4ndig, unbenutzt, ungewaschen und unbesch\u00e4digt sein.<\/li>\r\n<li>Die Ware muss in der Originalverpackung zur\u00fcckgesendet werden.<\/li>\r\n<li>Die R\u00fccksendung muss innerhalb der 30-t\u00e4gigen Frist erfolgen.<\/li>\r\n<\/ul>\r\n<p><strong>3.2 R\u00fccksendekosten bei freiwilliger R\u00fcckgabe<\/strong><\/p>\r\n<p>Auch bei der Aus\u00fcbung des freiwilligen R\u00fcckgaberechts tragen Sie die unmittelbaren Kosten der R\u00fccksendung.<br \/><br \/><\/p>\r\n<ol start=\"4\">\r\n<li>\r\n<h3>Muster-Widerrufsformular<\/h3>\r\n<\/li>\r\n<\/ol>\r\n<p>(Wenn Sie den Vertrag widerrufen wollen, dann f\u00fcllen Sie bitte dieses Formular aus und senden Sie es zur\u00fcck.)<\/p>\r\n<p>An: Maier Management GmbH Im Maierbr\u00fchl 60 79112 E-Mail: <a href=\"mailto:info@maiermanagement.eu\"><strong>info@maiermanagement.eu<\/strong><\/a><\/p>\r\n<p>Hiermit widerrufe(n) ich\/wir (*) den von mir\/uns (*) abgeschlossenen Vertrag \u00fcber den Kauf der folgenden Waren (*)\/die Erbringung der folgenden Dienstleistung (*)<\/p>\r\n<p>&nbsp;<\/p>\r\n<table width=\"100%\">\r\n<thead>\r\n<tr>\r\n<td>\r\n<p>Produktbezeichnung<\/p>\r\n<\/td>\r\n<td>\r\n<p>Bestellnummer<\/p>\r\n<\/td>\r\n<\/tr>\r\n<\/thead>\r\n<tbody>\r\n<tr>\r\n<td>\r\n<p>&nbsp;<\/p>\r\n<\/td>\r\n<td>\r\n<p>&nbsp;<\/p>\r\n<\/td>\r\n<\/tr>\r\n<\/tbody>\r\n<\/table>\r\n<p>Bestellt am (*)\/erhalten am (*)<br \/>Name des\/der Verbraucher(s)<br \/>Anschrift des\/der Verbraucher(s)<br \/>Unterschrift des\/der Verbraucher(s) (nur bei Mitteilung auf Papier)<br \/>Datum<\/p>\r\n<p>&nbsp;<\/p>\r\n<p>(*) Unzutreffendes streichen.<\/p>\r\n<p>&nbsp;<\/p>\r\n<p>&nbsp;<\/p>\r\n<p>&nbsp;<\/p>\r\n<p>&nbsp;<\/p>","protected":false},"excerpt":{"rendered":"<p>Versand- und R\u00fcckgabebedingungen der Maier Management GmbH Sehr geehrte Kundin, sehr geehrter Kunde, die Maier Management GmbH freut sich \u00fcber Ihr Interesse an unseren Produkten. Nachfolgend finden Sie alle wichtigen Informationen zu Versand, Lieferung, Ihrem gesetzlichen Widerrufsrecht sowie unseren freiwilligen R\u00fcckgabebedingungen. Versandinformationen 1.1 Bearbeitungszeit Alle Bestellungen werden innerhalb von 2-5 Werktagen (Montag bis Freitag, ausgenommen [&hellip;]<\/p>","protected":false},"author":1,"featured_media":0,"parent":0,"menu_order":10,"comment_status":"closed","ping_status":"closed","template":"","meta":{"_acf_changed":false,"footnotes":""},"class_list":["post-9","page","type-page","status-publish","hentry"],"acf":[],"aioseo_notices":[],"_links":{"self":[{"href":"https:\/\/www.maiermanagement.eu\/en\/wp-json\/wp\/v2\/pages\/9","targetHints":{"allow":["GET"]}}],"collection":[{"href":"https:\/\/www.maiermanagement.eu\/en\/wp-json\/wp\/v2\/pages"}],"about":[{"href":"https:\/\/www.maiermanagement.eu\/en\/wp-json\/wp\/v2\/types\/page"}],"author":[{"embeddable":true,"href":"https:\/\/www.maiermanagement.eu\/en\/wp-json\/wp\/v2\/users\/1"}],"replies":[{"embeddable":true,"href":"https:\/\/www.maiermanagement.eu\/en\/wp-json\/wp\/v2\/comments?post=9"}],"version-history":[{"count":5,"href":"https:\/\/www.maiermanagement.eu\/en\/wp-json\/wp\/v2\/pages\/9\/revisions"}],"predecessor-version":[{"id":6882,"href":"https:\/\/www.maiermanagement.eu\/en\/wp-json\/wp\/v2\/pages\/9\/revisions\/6882"}],"wp:attachment":[{"href":"https:\/\/www.maiermanagement.eu\/en\/wp-json\/wp\/v2\/media?parent=9"}],"curies":[{"name":"wp","href":"https:\/\/api.w.org\/{rel}","templated":true}]}}