{"id":6522,"date":"2026-01-02T15:37:46","date_gmt":"2026-01-02T14:37:46","guid":{"rendered":"https:\/\/www.maiermanagement.eu\/?page_id=6522"},"modified":"2026-01-04T00:46:36","modified_gmt":"2026-01-03T23:46:36","slug":"kuchen","status":"publish","type":"page","link":"https:\/\/www.maiermanagement.eu\/en\/maier-schreinerei\/kuchen\/","title":{"rendered":"K\u00fcchen"},"content":{"rendered":"<div data-elementor-type=\"wp-page\" data-elementor-id=\"6522\" class=\"elementor elementor-6522\">\n\t\t\t\t<div class=\"elementor-element elementor-element-64f65baf e-flex e-con-boxed e-con e-parent\" data-id=\"64f65baf\" data-element_type=\"container\">\n\t\t\t\t\t<div class=\"e-con-inner\">\n\t\t\t\t<div class=\"elementor-element elementor-element-4cd31193 elementor-widget-divider--view-line_text elementor-widget-divider--element-align-center elementor-widget elementor-widget-divider\" data-id=\"4cd31193\" data-element_type=\"widget\" data-widget_type=\"divider.default\">\n\t\t\t\t\t\t\t<div class=\"elementor-divider\">\n\t\t\t<span class=\"elementor-divider-separator\">\n\t\t\t\t\t\t\t<span class=\"elementor-divider__text elementor-divider__element\">\n\t\t\t\tK\u00fcchen\t\t\t\t<\/span>\n\t\t\t\t\t\t<\/span>\n\t\t<\/div>\n\t\t\t\t\t\t<\/div>\n\t\t\t\t<div class=\"elementor-element elementor-element-70e3f308 elementor-widget elementor-widget-spacer\" data-id=\"70e3f308\" data-element_type=\"widget\" data-widget_type=\"spacer.default\">\n\t\t\t\t\t\t\t<div class=\"elementor-spacer\">\n\t\t\t<div class=\"elementor-spacer-inner\"><\/div>\n\t\t<\/div>\n\t\t\t\t\t\t<\/div>\n\t\t\t\t\t<\/div>\n\t\t\t\t<\/div>\n\t\t<div class=\"elementor-element elementor-element-33492371 e-grid e-con-boxed e-con e-parent\" data-id=\"33492371\" data-element_type=\"container\">\n\t\t\t\t\t<div class=\"e-con-inner\">\n\t\t\t\t<div class=\"elementor-element elementor-element-68bd4610 elementor-widget elementor-widget-image\" data-id=\"68bd4610\" data-element_type=\"widget\" data-widget_type=\"image.default\">\n\t\t\t\t\t\t\t\t\t\t\t\t\t\t\t<img fetchpriority=\"high\" decoding=\"async\" width=\"1024\" height=\"683\" src=\"https:\/\/www.maiermanagement.eu\/wp-content\/uploads\/2026\/01\/4-kuchen-1024x683.png\" class=\"attachment-large size-large wp-image-6589\" alt=\"kuche\" srcset=\"https:\/\/www.maiermanagement.eu\/wp-content\/uploads\/2026\/01\/4-kuchen-1024x683.png 1024w, https:\/\/www.maiermanagement.eu\/wp-content\/uploads\/2026\/01\/4-kuchen-768x512.png 768w, https:\/\/www.maiermanagement.eu\/wp-content\/uploads\/2026\/01\/4-kuchen-640x427.png 640w, https:\/\/www.maiermanagement.eu\/wp-content\/uploads\/2026\/01\/4-kuchen-400x267.png 400w, https:\/\/www.maiermanagement.eu\/wp-content\/uploads\/2026\/01\/4-kuchen-600x400.png 600w\" sizes=\"(max-width: 1024px) 100vw, 1024px\" \/>\t\t\t\t\t\t\t\t\t\t\t\t\t\t\t<\/div>\n\t\t\t\t<div class=\"elementor-element elementor-element-461f8570 elementor-widget elementor-widget-text-editor\" data-id=\"461f8570\" data-element_type=\"widget\" data-widget_type=\"text-editor.default\">\n\t\t\t\t\t\t\t\t\t<h4><strong>Das Herz des Lebens: Individuelle K\u00fcchenl\u00f6sungen.<\/strong><\/h4><p>Die K\u00fcche ist das Herz des Hauses und sollte daher sowohl \u00e4sthetisch als auch ergonomisch perfekt sein.<\/p><p>Als Maier Schreinerei entwerfen wir nicht nur K\u00fcchenschr\u00e4nke, sondern komplette, auf Ihren Lebensstil zugeschnittene K\u00fcchenkonzepte. Mit unserer \u00fcber 30-j\u00e4hrigen Erfahrung vereinen wir h\u00f6chste Materialqualit\u00e4t und Funktionalit\u00e4t in modernen, klassischen oder rustikalen Stilen.<\/p><p>Von der Planungsphase an arbeiten wir bis ins kleinste Detail mit Ihnen zusammen und verwandeln Ihre K\u00fcche mit ergonomischer Anordnung, intelligenten Aufbewahrungsl\u00f6sungen und langlebigen Arbeitsplattenoptionen in ein Kunstwerk. Im Sinne der Nachhaltigkeit achten wir auf die Verwendung langlebiger und umweltfreundlicher Materialien. Wir sind hier, um Ihre K\u00fcchentr\u00e4ume mit der Garantie von Professionalit\u00e4t und Qualit\u00e4t zu verwirklichen.<\/p>\t\t\t\t\t\t\t\t<\/div>\n\t\t\t\t\t<\/div>\n\t\t\t\t<\/div>\n\t\t<div class=\"elementor-element elementor-element-170b4af9 e-flex e-con-boxed e-con e-parent\" data-id=\"170b4af9\" data-element_type=\"container\">\n\t\t\t\t\t<div class=\"e-con-inner\">\n\t\t\t\t<div class=\"elementor-element elementor-element-58d79ddf elementor-widget elementor-widget-spacer\" data-id=\"58d79ddf\" data-element_type=\"widget\" data-widget_type=\"spacer.default\">\n\t\t\t\t\t\t\t<div class=\"elementor-spacer\">\n\t\t\t<div class=\"elementor-spacer-inner\"><\/div>\n\t\t<\/div>\n\t\t\t\t\t\t<\/div>\n\t\t\t\t\t<\/div>\n\t\t\t\t<\/div>\n\t\t<div class=\"elementor-element elementor-element-433b38a4 e-flex e-con-boxed e-con e-parent\" data-id=\"433b38a4\" data-element_type=\"container\">\n\t\t\t\t\t<div class=\"e-con-inner\">\n\t\t\t\t<div class=\"elementor-element elementor-element-24d6bdbe elementor-widget elementor-widget-shortcode\" data-id=\"24d6bdbe\" data-element_type=\"widget\" data-widget_type=\"shortcode.default\">\n\t\t\t\t\t\t\t<div class=\"elementor-shortcode\">\n<div class=\"wpcf7 no-js\" id=\"wpcf7-f6018-o1\" lang=\"tr-TR\" dir=\"ltr\" data-wpcf7-id=\"6018\">\n<div class=\"screen-reader-response\"><p role=\"status\" aria-live=\"polite\" aria-atomic=\"true\"><\/p> <ul><\/ul><\/div>\n<form action=\"\/en\/wp-json\/wp\/v2\/pages\/6522#wpcf7-f6018-o1\" method=\"post\" class=\"wpcf7-form init\" aria-label=\"\u0130leti\u015fim Formu\" novalidate=\"novalidate\" data-status=\"init\" data-trp-original-action=\"\/en\/wp-json\/wp\/v2\/pages\/6522#wpcf7-f6018-o1\">\n<fieldset class=\"hidden-fields-container\"><input type=\"hidden\" name=\"_wpcf7\" value=\"6018\" \/><input type=\"hidden\" name=\"_wpcf7_version\" value=\"6.1.4\" \/><input type=\"hidden\" name=\"_wpcf7_locale\" value=\"tr_TR\" \/><input type=\"hidden\" name=\"_wpcf7_unit_tag\" value=\"wpcf7-f6018-o1\" \/><input type=\"hidden\" name=\"_wpcf7_container_post\" value=\"0\" \/><input type=\"hidden\" name=\"_wpcf7_posted_data_hash\" value=\"\" \/>\n<\/fieldset>\n<div class=\"maier-form\">\n  <h2>Kontakt \/ Angebot anfordern<\/h2>\n  <p class=\"mf-sub\">Vielen Dank f\u00fcr Ihre Anfrage. Wir pr\u00fcfen Ihr Anliegen und melden uns zeitnah mit einem individuellen Angebot.<\/p>\n\n  <div class=\"mf-grid\">\n    <div class=\"mf-col\">\n      <label> Ihr Name* <\/label>\n      <span class=\"wpcf7-form-control-wrap\" data-name=\"your-name\"><input size=\"40\" maxlength=\"400\" class=\"wpcf7-form-control wpcf7-text wpcf7-validates-as-required mf-input\" aria-required=\"true\" aria-invalid=\"false\" placeholder=\"Vor- und Nachname\" value=\"\" type=\"text\" name=\"your-name\" \/><\/span>\n    <\/div>\n\n    <div class=\"mf-col\">\n      <label> E-Mail-Adresse* <\/label>\n      <span class=\"wpcf7-form-control-wrap\" data-name=\"your-email\"><input size=\"40\" maxlength=\"400\" class=\"wpcf7-form-control wpcf7-email wpcf7-validates-as-required wpcf7-text wpcf7-validates-as-email mf-input\" aria-required=\"true\" aria-invalid=\"false\" placeholder=\"Ihre E-Mail\" value=\"\" type=\"email\" name=\"your-email\" \/><\/span>\n    <\/div>\n\n    <div class=\"mf-col\">\n      <label> Telefonnummer (optional) <\/label>\n      <span class=\"wpcf7-form-control-wrap\" data-name=\"your-phone\"><input size=\"40\" maxlength=\"400\" class=\"wpcf7-form-control wpcf7-tel wpcf7-text wpcf7-validates-as-tel mf-input\" aria-invalid=\"false\" placeholder=\"+49 176 12345678\" value=\"\" type=\"tel\" name=\"your-phone\" \/><\/span>\n    <\/div>\n\n    <div class=\"mf-col mf-col-full\">\n      <label> Ihre Nachricht* <\/label>\n      <span class=\"wpcf7-form-control-wrap\" data-name=\"your-message\"><textarea cols=\"40\" rows=\"10\" maxlength=\"2000\" class=\"wpcf7-form-control wpcf7-textarea wpcf7-validates-as-required mf-textarea\" aria-required=\"true\" aria-invalid=\"false\" placeholder=\"Beschreiben Sie kurz Ihr Anliegen oder Ihr Projekt...\" name=\"your-message\"><\/textarea><\/span>\n    <\/div>\n\n    <div class=\"mf-col mf-col-full mf-privacy\">\n      <span class=\"wpcf7-form-control-wrap\" data-name=\"acceptance-652\"><span class=\"wpcf7-form-control wpcf7-acceptance\"><span class=\"wpcf7-list-item\"><label><input type=\"checkbox\" name=\"acceptance-652\" value=\"1\" aria-invalid=\"false\" \/><span class=\"wpcf7-list-item-label\">Ich stimme der Verarbeitung meiner Daten gem\u00e4\u00df der <a href=\"\/en\/datenschutzrichtlinie\/\" target=\"_blank\" rel=\"noopener\">Datenschutzerkl\u00e4rung<\/a> zu.<\/span><\/label><\/span><\/span><\/span>\n    <\/div>\n\n    <div class=\"mf-col mf-col-full mf-submit\">\n      <input class=\"wpcf7-form-control wpcf7-submit has-spinner mf-btn\" type=\"submit\" value=\"Nachricht senden\" \/>\n    <\/div>\n  <\/div>\n<\/div><p style=\"display: none !important;\" class=\"akismet-fields-container\" data-prefix=\"_wpcf7_ak_\"><label>&#916;<textarea name=\"_wpcf7_ak_hp_textarea\" cols=\"45\" rows=\"8\" maxlength=\"100\"><\/textarea><\/label><input type=\"hidden\" id=\"ak_js_1\" name=\"_wpcf7_ak_js\" value=\"97\"\/><script>document.getElementById( \"ak_js_1\" ).setAttribute( \"value\", ( new Date() ).getTime() );<\/script><\/p><div class=\"wpcf7-response-output\" aria-hidden=\"true\"><\/div>\n<input type=\"hidden\" name=\"trp-form-language\" value=\"en\"\/><\/form>\n<\/div>\n\n\t\t\t\t<script>\n\t\t\t\tif ( typeof huOptions !== 'undefined' ) {\n\t\t\t\t\tvar huFormData = {\"source\":\"contactform7\",\"id\":6018,\"title\":\"Kontakt \\\/ Angebot anfordern\",\"fields\":{\"subject\":{\"first_name\":\"your-name\",\"email\":\"your-email\"},\"preferences\":{\"terms\":\"your-consent\"}}};\n\t\t\t\t\tvar huFormNode = document.querySelector( '[id^=\"wpcf7-f6018-\"] form' );\n\n\t\t\t\t\thuFormData['node'] = huFormNode;\n\t\t\t\t\thuOptions['forms'].push( huFormData );\n\t\t\t\t}\n\t\t\t\t<\/script><\/div>\n\t\t\t\t\t\t<\/div>\n\t\t\t\t\t<\/div>\n\t\t\t\t<\/div>\n\t\t\t\t<\/div>","protected":false},"excerpt":{"rendered":"<p>K\u00fcchen Das Herz des Lebens: Individuelle K\u00fcchenl\u00f6sungen. Die K\u00fcche ist das Herz des Hauses und sollte daher sowohl \u00e4sthetisch als auch ergonomisch perfekt sein. Als Maier Schreinerei entwerfen wir nicht nur K\u00fcchenschr\u00e4nke, sondern komplette, auf Ihren Lebensstil zugeschnittene K\u00fcchenkonzepte. Mit unserer \u00fcber 30-j\u00e4hrigen Erfahrung vereinen wir h\u00f6chste Materialqualit\u00e4t und Funktionalit\u00e4t in modernen, klassischen oder rustikalen [&hellip;]<\/p>","protected":false},"author":2,"featured_media":0,"parent":6074,"menu_order":4,"comment_status":"closed","ping_status":"closed","template":"","meta":{"_acf_changed":false,"footnotes":""},"class_list":["post-6522","page","type-page","status-publish","hentry"],"acf":[],"aioseo_notices":[],"_links":{"self":[{"href":"https:\/\/www.maiermanagement.eu\/en\/wp-json\/wp\/v2\/pages\/6522","targetHints":{"allow":["GET"]}}],"collection":[{"href":"https:\/\/www.maiermanagement.eu\/en\/wp-json\/wp\/v2\/pages"}],"about":[{"href":"https:\/\/www.maiermanagement.eu\/en\/wp-json\/wp\/v2\/types\/page"}],"author":[{"embeddable":true,"href":"https:\/\/www.maiermanagement.eu\/en\/wp-json\/wp\/v2\/users\/2"}],"replies":[{"embeddable":true,"href":"https:\/\/www.maiermanagement.eu\/en\/wp-json\/wp\/v2\/comments?post=6522"}],"version-history":[{"count":8,"href":"https:\/\/www.maiermanagement.eu\/en\/wp-json\/wp\/v2\/pages\/6522\/revisions"}],"predecessor-version":[{"id":6715,"href":"https:\/\/www.maiermanagement.eu\/en\/wp-json\/wp\/v2\/pages\/6522\/revisions\/6715"}],"up":[{"embeddable":true,"href":"https:\/\/www.maiermanagement.eu\/en\/wp-json\/wp\/v2\/pages\/6074"}],"wp:attachment":[{"href":"https:\/\/www.maiermanagement.eu\/en\/wp-json\/wp\/v2\/media?parent=6522"}],"curies":[{"name":"wp","href":"https:\/\/api.w.org\/{rel}","templated":true}]}}