{"id":6520,"date":"2026-01-02T15:37:13","date_gmt":"2026-01-02T14:37:13","guid":{"rendered":"https:\/\/www.maiermanagement.eu\/?page_id=6520"},"modified":"2026-01-03T18:10:04","modified_gmt":"2026-01-03T17:10:04","slug":"einbauschranke","status":"publish","type":"page","link":"https:\/\/www.maiermanagement.eu\/en\/maier-schreinerei\/einbauschranke\/","title":{"rendered":"Einbauschr\u00e4nke"},"content":{"rendered":"<div data-elementor-type=\"wp-page\" data-elementor-id=\"6520\" class=\"elementor elementor-6520\">\n\t\t\t\t<div class=\"elementor-element elementor-element-1d335613 e-flex e-con-boxed e-con e-parent\" data-id=\"1d335613\" data-element_type=\"container\">\n\t\t\t\t\t<div class=\"e-con-inner\">\n\t\t\t\t<div class=\"elementor-element elementor-element-4228f2aa elementor-widget-divider--view-line_text elementor-widget-divider--element-align-center elementor-widget elementor-widget-divider\" data-id=\"4228f2aa\" data-element_type=\"widget\" data-widget_type=\"divider.default\">\n\t\t\t\t\t\t\t<div class=\"elementor-divider\">\n\t\t\t<span class=\"elementor-divider-separator\">\n\t\t\t\t\t\t\t<span class=\"elementor-divider__text elementor-divider__element\">\n\t\t\t\tEinbauschr\u00e4nke\t\t\t\t<\/span>\n\t\t\t\t\t\t<\/span>\n\t\t<\/div>\n\t\t\t\t\t\t<\/div>\n\t\t\t\t<div class=\"elementor-element elementor-element-6a237c6b elementor-widget elementor-widget-spacer\" data-id=\"6a237c6b\" data-element_type=\"widget\" data-widget_type=\"spacer.default\">\n\t\t\t\t\t\t\t<div class=\"elementor-spacer\">\n\t\t\t<div class=\"elementor-spacer-inner\"><\/div>\n\t\t<\/div>\n\t\t\t\t\t\t<\/div>\n\t\t\t\t\t<\/div>\n\t\t\t\t<\/div>\n\t\t<div class=\"elementor-element elementor-element-202d52ae e-grid e-con-boxed e-con e-parent\" data-id=\"202d52ae\" data-element_type=\"container\">\n\t\t\t\t\t<div class=\"e-con-inner\">\n\t\t\t\t<div class=\"elementor-element elementor-element-444c337 elementor-widget elementor-widget-image\" data-id=\"444c337\" data-element_type=\"widget\" data-widget_type=\"image.default\">\n\t\t\t\t\t\t\t\t\t\t\t\t\t\t\t<img fetchpriority=\"high\" decoding=\"async\" width=\"1024\" height=\"683\" src=\"https:\/\/www.maiermanagement.eu\/wp-content\/uploads\/2026\/01\/3-einbauschraenke-1024x683.png\" class=\"attachment-large size-large wp-image-6588\" alt=\"einbauschraenke\" srcset=\"https:\/\/www.maiermanagement.eu\/wp-content\/uploads\/2026\/01\/3-einbauschraenke-1024x683.png 1024w, https:\/\/www.maiermanagement.eu\/wp-content\/uploads\/2026\/01\/3-einbauschraenke-768x512.png 768w, https:\/\/www.maiermanagement.eu\/wp-content\/uploads\/2026\/01\/3-einbauschraenke-640x427.png 640w, https:\/\/www.maiermanagement.eu\/wp-content\/uploads\/2026\/01\/3-einbauschraenke-400x267.png 400w, https:\/\/www.maiermanagement.eu\/wp-content\/uploads\/2026\/01\/3-einbauschraenke-600x400.png 600w\" sizes=\"(max-width: 1024px) 100vw, 1024px\" \/>\t\t\t\t\t\t\t\t\t\t\t\t\t\t\t<\/div>\n\t\t\t\t<div class=\"elementor-element elementor-element-5fdbd6c elementor-widget elementor-widget-text-editor\" data-id=\"5fdbd6c\" data-element_type=\"widget\" data-widget_type=\"text-editor.default\">\n\t\t\t\t\t\t\t\t\t<h4>Maximale Raumnutzung, Perfekte Ordnung<strong>.<\/strong><\/h4><p>Jeden Zentimeter Ihrer Wohnr\u00e4ume optimal zu nutzen, ist besonders in begrenzten Bereichen von gro\u00dfer Bedeutung. Die ma\u00dfgefertigten Einbauschr\u00e4nke der Maier Schreinerei bieten genau die richtige L\u00f6sung f\u00fcr dieses Bed\u00fcrfnis. Wir entwickeln individuelle L\u00f6sungen, die sich perfekt in jede Ecke Ihres Raumes einf\u00fcgen, einschlie\u00dflich schwieriger Bereiche wie Dachschr\u00e4gen, Nischen oder enge Flure.<\/p><p>Wir legen in jedem Schritt, von der Planung bis zur Montage, Wert auf Funktionalit\u00e4t und \u00c4sthetik. Mit auf Ihre Bed\u00fcrfnisse zugeschnittenen Innenausstattungssystemen, hochwertigen Materialien und makelloser Verarbeitung sorgen wir daf\u00fcr, dass Ihre Schr\u00e4nke nicht nur Stauraum, sondern ein integraler Bestandteil Ihres Raumes werden. Mit unserem Ansatz, der auf Vertrauen und Kundenzufriedenheit ausgerichtet ist, verwirklichen wir die Ordnung, von der Sie tr\u00e4umen.<\/p>\t\t\t\t\t\t\t\t<\/div>\n\t\t\t\t\t<\/div>\n\t\t\t\t<\/div>\n\t\t<div class=\"elementor-element elementor-element-68624189 e-flex e-con-boxed e-con e-parent\" data-id=\"68624189\" data-element_type=\"container\">\n\t\t\t\t\t<div class=\"e-con-inner\">\n\t\t\t\t<div class=\"elementor-element elementor-element-19c28f6 elementor-widget elementor-widget-spacer\" data-id=\"19c28f6\" data-element_type=\"widget\" data-widget_type=\"spacer.default\">\n\t\t\t\t\t\t\t<div class=\"elementor-spacer\">\n\t\t\t<div class=\"elementor-spacer-inner\"><\/div>\n\t\t<\/div>\n\t\t\t\t\t\t<\/div>\n\t\t\t\t\t<\/div>\n\t\t\t\t<\/div>\n\t\t<div class=\"elementor-element elementor-element-25faed36 e-flex e-con-boxed e-con e-parent\" data-id=\"25faed36\" data-element_type=\"container\">\n\t\t\t\t\t<div class=\"e-con-inner\">\n\t\t\t\t<div class=\"elementor-element elementor-element-6ed81707 elementor-widget elementor-widget-shortcode\" data-id=\"6ed81707\" data-element_type=\"widget\" data-widget_type=\"shortcode.default\">\n\t\t\t\t\t\t\t<div class=\"elementor-shortcode\">\n<div class=\"wpcf7 no-js\" id=\"wpcf7-f6018-o1\" lang=\"tr-TR\" dir=\"ltr\" data-wpcf7-id=\"6018\">\n<div class=\"screen-reader-response\"><p role=\"status\" aria-live=\"polite\" aria-atomic=\"true\"><\/p> <ul><\/ul><\/div>\n<form action=\"\/en\/wp-json\/wp\/v2\/pages\/6520#wpcf7-f6018-o1\" method=\"post\" class=\"wpcf7-form init\" aria-label=\"\u0130leti\u015fim Formu\" novalidate=\"novalidate\" data-status=\"init\" data-trp-original-action=\"\/en\/wp-json\/wp\/v2\/pages\/6520#wpcf7-f6018-o1\">\n<fieldset class=\"hidden-fields-container\"><input type=\"hidden\" name=\"_wpcf7\" value=\"6018\" \/><input type=\"hidden\" name=\"_wpcf7_version\" value=\"6.1.4\" \/><input type=\"hidden\" name=\"_wpcf7_locale\" value=\"tr_TR\" \/><input type=\"hidden\" name=\"_wpcf7_unit_tag\" value=\"wpcf7-f6018-o1\" \/><input type=\"hidden\" name=\"_wpcf7_container_post\" value=\"0\" \/><input type=\"hidden\" name=\"_wpcf7_posted_data_hash\" value=\"\" \/>\n<\/fieldset>\n<div class=\"maier-form\">\n  <h2>Kontakt \/ Angebot anfordern<\/h2>\n  <p class=\"mf-sub\">Vielen Dank f\u00fcr Ihre Anfrage. Wir pr\u00fcfen Ihr Anliegen und melden uns zeitnah mit einem individuellen Angebot.<\/p>\n\n  <div class=\"mf-grid\">\n    <div class=\"mf-col\">\n      <label> Ihr Name* <\/label>\n      <span class=\"wpcf7-form-control-wrap\" data-name=\"your-name\"><input size=\"40\" maxlength=\"400\" class=\"wpcf7-form-control wpcf7-text wpcf7-validates-as-required mf-input\" aria-required=\"true\" aria-invalid=\"false\" placeholder=\"Vor- und Nachname\" value=\"\" type=\"text\" name=\"your-name\" \/><\/span>\n    <\/div>\n\n    <div class=\"mf-col\">\n      <label> E-Mail-Adresse* <\/label>\n      <span class=\"wpcf7-form-control-wrap\" data-name=\"your-email\"><input size=\"40\" maxlength=\"400\" class=\"wpcf7-form-control wpcf7-email wpcf7-validates-as-required wpcf7-text wpcf7-validates-as-email mf-input\" aria-required=\"true\" aria-invalid=\"false\" placeholder=\"Ihre E-Mail\" value=\"\" type=\"email\" name=\"your-email\" \/><\/span>\n    <\/div>\n\n    <div class=\"mf-col\">\n      <label> Telefonnummer (optional) <\/label>\n      <span class=\"wpcf7-form-control-wrap\" data-name=\"your-phone\"><input size=\"40\" maxlength=\"400\" class=\"wpcf7-form-control wpcf7-tel wpcf7-text wpcf7-validates-as-tel mf-input\" aria-invalid=\"false\" placeholder=\"+49 176 12345678\" value=\"\" type=\"tel\" name=\"your-phone\" \/><\/span>\n    <\/div>\n\n    <div class=\"mf-col mf-col-full\">\n      <label> Ihre Nachricht* <\/label>\n      <span class=\"wpcf7-form-control-wrap\" data-name=\"your-message\"><textarea cols=\"40\" rows=\"10\" maxlength=\"2000\" class=\"wpcf7-form-control wpcf7-textarea wpcf7-validates-as-required mf-textarea\" aria-required=\"true\" aria-invalid=\"false\" placeholder=\"Beschreiben Sie kurz Ihr Anliegen oder Ihr Projekt...\" name=\"your-message\"><\/textarea><\/span>\n    <\/div>\n\n    <div class=\"mf-col mf-col-full mf-privacy\">\n      <span class=\"wpcf7-form-control-wrap\" data-name=\"acceptance-652\"><span class=\"wpcf7-form-control wpcf7-acceptance\"><span class=\"wpcf7-list-item\"><label><input type=\"checkbox\" name=\"acceptance-652\" value=\"1\" aria-invalid=\"false\" \/><span class=\"wpcf7-list-item-label\">Ich stimme der Verarbeitung meiner Daten gem\u00e4\u00df der <a href=\"\/en\/datenschutzrichtlinie\/\" target=\"_blank\" rel=\"noopener\">Datenschutzerkl\u00e4rung<\/a> zu.<\/span><\/label><\/span><\/span><\/span>\n    <\/div>\n\n    <div class=\"mf-col mf-col-full mf-submit\">\n      <input class=\"wpcf7-form-control wpcf7-submit has-spinner mf-btn\" type=\"submit\" value=\"Nachricht senden\" \/>\n    <\/div>\n  <\/div>\n<\/div><p style=\"display: none !important;\" class=\"akismet-fields-container\" data-prefix=\"_wpcf7_ak_\"><label>&#916;<textarea name=\"_wpcf7_ak_hp_textarea\" cols=\"45\" rows=\"8\" maxlength=\"100\"><\/textarea><\/label><input type=\"hidden\" id=\"ak_js_1\" name=\"_wpcf7_ak_js\" value=\"160\"\/><script>document.getElementById( \"ak_js_1\" ).setAttribute( \"value\", ( new Date() ).getTime() );<\/script><\/p><div class=\"wpcf7-response-output\" aria-hidden=\"true\"><\/div>\n<input type=\"hidden\" name=\"trp-form-language\" value=\"en\"\/><\/form>\n<\/div>\n\n\t\t\t\t<script>\n\t\t\t\tif ( typeof huOptions !== 'undefined' ) {\n\t\t\t\t\tvar huFormData = {\"source\":\"contactform7\",\"id\":6018,\"title\":\"Kontakt \\\/ Angebot anfordern\",\"fields\":{\"subject\":{\"first_name\":\"your-name\",\"email\":\"your-email\"},\"preferences\":{\"terms\":\"your-consent\"}}};\n\t\t\t\t\tvar huFormNode = document.querySelector( '[id^=\"wpcf7-f6018-\"] form' );\n\n\t\t\t\t\thuFormData['node'] = huFormNode;\n\t\t\t\t\thuOptions['forms'].push( huFormData );\n\t\t\t\t}\n\t\t\t\t<\/script><\/div>\n\t\t\t\t\t\t<\/div>\n\t\t\t\t\t<\/div>\n\t\t\t\t<\/div>\n\t\t\t\t<\/div>","protected":false},"excerpt":{"rendered":"<p>Einbauschr\u00e4nke Maximale Raumnutzung, Perfekte Ordnung. Jeden Zentimeter Ihrer Wohnr\u00e4ume optimal zu nutzen, ist besonders in begrenzten Bereichen von gro\u00dfer Bedeutung. Die ma\u00dfgefertigten Einbauschr\u00e4nke der Maier Schreinerei bieten genau die richtige L\u00f6sung f\u00fcr dieses Bed\u00fcrfnis. Wir entwickeln individuelle L\u00f6sungen, die sich perfekt in jede Ecke Ihres Raumes einf\u00fcgen, einschlie\u00dflich schwieriger Bereiche wie Dachschr\u00e4gen, Nischen oder enge [&hellip;]<\/p>","protected":false},"author":2,"featured_media":0,"parent":6074,"menu_order":3,"comment_status":"closed","ping_status":"closed","template":"","meta":{"_acf_changed":false,"footnotes":""},"class_list":["post-6520","page","type-page","status-publish","hentry"],"acf":[],"aioseo_notices":[],"_links":{"self":[{"href":"https:\/\/www.maiermanagement.eu\/en\/wp-json\/wp\/v2\/pages\/6520","targetHints":{"allow":["GET"]}}],"collection":[{"href":"https:\/\/www.maiermanagement.eu\/en\/wp-json\/wp\/v2\/pages"}],"about":[{"href":"https:\/\/www.maiermanagement.eu\/en\/wp-json\/wp\/v2\/types\/page"}],"author":[{"embeddable":true,"href":"https:\/\/www.maiermanagement.eu\/en\/wp-json\/wp\/v2\/users\/2"}],"replies":[{"embeddable":true,"href":"https:\/\/www.maiermanagement.eu\/en\/wp-json\/wp\/v2\/comments?post=6520"}],"version-history":[{"count":4,"href":"https:\/\/www.maiermanagement.eu\/en\/wp-json\/wp\/v2\/pages\/6520\/revisions"}],"predecessor-version":[{"id":6647,"href":"https:\/\/www.maiermanagement.eu\/en\/wp-json\/wp\/v2\/pages\/6520\/revisions\/6647"}],"up":[{"embeddable":true,"href":"https:\/\/www.maiermanagement.eu\/en\/wp-json\/wp\/v2\/pages\/6074"}],"wp:attachment":[{"href":"https:\/\/www.maiermanagement.eu\/en\/wp-json\/wp\/v2\/media?parent=6520"}],"curies":[{"name":"wp","href":"https:\/\/api.w.org\/{rel}","templated":true}]}}